{"id":22292,"date":"2019-11-01T14:23:48","date_gmt":"2019-11-01T11:23:48","guid":{"rendered":"https:\/\/dorukulgen.com\/?post_type=product&#038;p=22292"},"modified":"2025-01-31T19:50:22","modified_gmt":"2025-01-31T16:50:22","slug":"miracle-magician-wand","status":"publish","type":"product","link":"https:\/\/dorukulgen.com\/en\/product\/miracle-magician-wand\/","title":{"rendered":"Miracle Magician Wand"},"content":{"rendered":"<p>This magic wand turns anyone into a magician in a second ! Great comedy prop and photo moment for your advertisement !<\/p>\n<p>Made out of durable vinyl and metal rods on both ends for ease of use and sleek appearence.<\/p>\n<p>Can be sent blank for the information area or if you send logo etc, it will be custom printed for you !<\/p>\n<p>Trailer video below was not supposed to be a trailer video but than we decided why not ! ? \ud83d\ude42 So yeah, dont mind Doruk saying its gonna be blank, we can custom print it for you if thats what you want ! And of course the logo watermarks wont be there.<\/p>\n<p>approx dimension 1.60 X 0.50 meters.<\/p>\n<p><iframe src=\"https:\/\/www.youtube.com\/embed\/U1RQztcvRpc\" width=\"560\" height=\"315\" frameborder=\"0\" allowfullscreen=\"allowfullscreen\"><\/iframe><\/p>\n","protected":false},"excerpt":{"rendered":"<p>Wand that turn anyone in to a magician in 1 second.<\/p>\n","protected":false},"featured_media":22293,"comment_status":"open","ping_status":"closed","template":"","meta":[],"product_brand":[],"product_cat":[],"product_tag":[787],"class_list":{"0":"post-22292","1":"product","2":"type-product","3":"status-publish","4":"has-post-thumbnail","6":"product_tag-miracle-magician-wand","7":"description-off","9":"first","10":"instock","11":"product-type-simple"},"yoast_head":"<!-- This site is optimized with the Yoast SEO plugin v26.2 - https:\/\/yoast.com\/wordpress\/plugins\/seo\/ -->\n<title>Miracle Magician Wand - Sihirbaz Doruk \u00dclgen<\/title>\n<meta name=\"robots\" content=\"index, follow, max-snippet:-1, max-image-preview:large, max-video-preview:-1\" \/>\n<link rel=\"canonical\" href=\"https:\/\/dorukulgen.com\/en\/product\/miracle-magician-wand\/\" \/>\n<meta property=\"og:locale\" content=\"en_US\" \/>\n<meta property=\"og:type\" content=\"article\" \/>\n<meta property=\"og:title\" content=\"Miracle Magician Wand - Sihirbaz Doruk \u00dclgen\" \/>\n<meta property=\"og:description\" content=\"Wand that turn anyone in to a magician in 1 second.\" \/>\n<meta property=\"og:url\" content=\"https:\/\/dorukulgen.com\/en\/product\/miracle-magician-wand\/\" \/>\n<meta property=\"og:site_name\" content=\"Sihirbaz Doruk \u00dclgen\" \/>\n<meta property=\"article:publisher\" content=\"http:\/\/facebook.com\/dorukulgenfan\" \/>\n<meta property=\"article:modified_time\" content=\"2025-01-31T16:50:22+00:00\" \/>\n<meta property=\"og:image\" content=\"https:\/\/dorukulgen.com\/wp-content\/uploads\/2019\/11\/miracle-magician-wand-bunny-magic-trick-prop-giant.jpg\" \/>\n\t<meta property=\"og:image:width\" content=\"283\" \/>\n\t<meta property=\"og:image:height\" content=\"748\" \/>\n\t<meta property=\"og:image:type\" content=\"image\/jpeg\" \/>\n<meta name=\"twitter:label1\" content=\"Est. reading time\" \/>\n\t<meta name=\"twitter:data1\" content=\"1 minute\" \/>\n<script type=\"application\/ld+json\" class=\"yoast-schema-graph\">{\"@context\":\"https:\/\/schema.org\",\"@graph\":[{\"@type\":\"WebPage\",\"@id\":\"https:\/\/dorukulgen.com\/en\/product\/miracle-magician-wand\/\",\"url\":\"https:\/\/dorukulgen.com\/en\/product\/miracle-magician-wand\/\",\"name\":\"Miracle Magician Wand - Sihirbaz Doruk \u00dclgen\",\"isPartOf\":{\"@id\":\"https:\/\/dorukulgen.com\/#website\"},\"primaryImageOfPage\":{\"@id\":\"https:\/\/dorukulgen.com\/en\/product\/miracle-magician-wand\/#primaryimage\"},\"image\":{\"@id\":\"https:\/\/dorukulgen.com\/en\/product\/miracle-magician-wand\/#primaryimage\"},\"thumbnailUrl\":\"https:\/\/dorukulgen.com\/wp-content\/uploads\/2019\/11\/miracle-magician-wand-bunny-magic-trick-prop-giant.jpg\",\"datePublished\":\"2019-11-01T11:23:48+00:00\",\"dateModified\":\"2025-01-31T16:50:22+00:00\",\"breadcrumb\":{\"@id\":\"https:\/\/dorukulgen.com\/en\/product\/miracle-magician-wand\/#breadcrumb\"},\"inLanguage\":\"en-US\",\"potentialAction\":[{\"@type\":\"ReadAction\",\"target\":[\"https:\/\/dorukulgen.com\/en\/product\/miracle-magician-wand\/\"]}]},{\"@type\":\"ImageObject\",\"inLanguage\":\"en-US\",\"@id\":\"https:\/\/dorukulgen.com\/en\/product\/miracle-magician-wand\/#primaryimage\",\"url\":\"https:\/\/dorukulgen.com\/wp-content\/uploads\/2019\/11\/miracle-magician-wand-bunny-magic-trick-prop-giant.jpg\",\"contentUrl\":\"https:\/\/dorukulgen.com\/wp-content\/uploads\/2019\/11\/miracle-magician-wand-bunny-magic-trick-prop-giant.jpg\",\"width\":283,\"height\":748},{\"@type\":\"BreadcrumbList\",\"@id\":\"https:\/\/dorukulgen.com\/en\/product\/miracle-magician-wand\/#breadcrumb\",\"itemListElement\":[{\"@type\":\"ListItem\",\"position\":1,\"name\":\"Home\",\"item\":\"https:\/\/dorukulgen.com\/en\/\"},{\"@type\":\"ListItem\",\"position\":2,\"name\":\"Ma\u011faza\",\"item\":\"https:\/\/dorukulgen.com\/magaza\/\"},{\"@type\":\"ListItem\",\"position\":3,\"name\":\"Miracle Magician Wand\"}]},{\"@type\":\"WebSite\",\"@id\":\"https:\/\/dorukulgen.com\/#website\",\"url\":\"https:\/\/dorukulgen.com\/\",\"name\":\"Sihirbaz Doruk \u00dclgen\",\"description\":\"\u00dcnl\u00fc Sihirbaz \/ Mentalist Doruk \u00dclgen\",\"potentialAction\":[{\"@type\":\"SearchAction\",\"target\":{\"@type\":\"EntryPoint\",\"urlTemplate\":\"https:\/\/dorukulgen.com\/?s={search_term_string}\"},\"query-input\":{\"@type\":\"PropertyValueSpecification\",\"valueRequired\":true,\"valueName\":\"search_term_string\"}}],\"inLanguage\":\"en-US\"}]}<\/script>\n<!-- \/ Yoast SEO plugin. -->","yoast_head_json":{"title":"Miracle Magician Wand - Sihirbaz Doruk \u00dclgen","robots":{"index":"index","follow":"follow","max-snippet":"max-snippet:-1","max-image-preview":"max-image-preview:large","max-video-preview":"max-video-preview:-1"},"canonical":"https:\/\/dorukulgen.com\/en\/product\/miracle-magician-wand\/","og_locale":"en_US","og_type":"article","og_title":"Miracle Magician Wand - Sihirbaz Doruk \u00dclgen","og_description":"Wand that turn anyone in to a magician in 1 second.","og_url":"https:\/\/dorukulgen.com\/en\/product\/miracle-magician-wand\/","og_site_name":"Sihirbaz Doruk \u00dclgen","article_publisher":"http:\/\/facebook.com\/dorukulgenfan","article_modified_time":"2025-01-31T16:50:22+00:00","og_image":[{"width":283,"height":748,"url":"https:\/\/dorukulgen.com\/wp-content\/uploads\/2019\/11\/miracle-magician-wand-bunny-magic-trick-prop-giant.jpg","type":"image\/jpeg"}],"twitter_misc":{"Est. reading time":"1 minute"},"schema":{"@context":"https:\/\/schema.org","@graph":[{"@type":"WebPage","@id":"https:\/\/dorukulgen.com\/en\/product\/miracle-magician-wand\/","url":"https:\/\/dorukulgen.com\/en\/product\/miracle-magician-wand\/","name":"Miracle Magician Wand - Sihirbaz Doruk \u00dclgen","isPartOf":{"@id":"https:\/\/dorukulgen.com\/#website"},"primaryImageOfPage":{"@id":"https:\/\/dorukulgen.com\/en\/product\/miracle-magician-wand\/#primaryimage"},"image":{"@id":"https:\/\/dorukulgen.com\/en\/product\/miracle-magician-wand\/#primaryimage"},"thumbnailUrl":"https:\/\/dorukulgen.com\/wp-content\/uploads\/2019\/11\/miracle-magician-wand-bunny-magic-trick-prop-giant.jpg","datePublished":"2019-11-01T11:23:48+00:00","dateModified":"2025-01-31T16:50:22+00:00","breadcrumb":{"@id":"https:\/\/dorukulgen.com\/en\/product\/miracle-magician-wand\/#breadcrumb"},"inLanguage":"en-US","potentialAction":[{"@type":"ReadAction","target":["https:\/\/dorukulgen.com\/en\/product\/miracle-magician-wand\/"]}]},{"@type":"ImageObject","inLanguage":"en-US","@id":"https:\/\/dorukulgen.com\/en\/product\/miracle-magician-wand\/#primaryimage","url":"https:\/\/dorukulgen.com\/wp-content\/uploads\/2019\/11\/miracle-magician-wand-bunny-magic-trick-prop-giant.jpg","contentUrl":"https:\/\/dorukulgen.com\/wp-content\/uploads\/2019\/11\/miracle-magician-wand-bunny-magic-trick-prop-giant.jpg","width":283,"height":748},{"@type":"BreadcrumbList","@id":"https:\/\/dorukulgen.com\/en\/product\/miracle-magician-wand\/#breadcrumb","itemListElement":[{"@type":"ListItem","position":1,"name":"Home","item":"https:\/\/dorukulgen.com\/en\/"},{"@type":"ListItem","position":2,"name":"Ma\u011faza","item":"https:\/\/dorukulgen.com\/magaza\/"},{"@type":"ListItem","position":3,"name":"Miracle Magician Wand"}]},{"@type":"WebSite","@id":"https:\/\/dorukulgen.com\/#website","url":"https:\/\/dorukulgen.com\/","name":"Sihirbaz Doruk \u00dclgen","description":"\u00dcnl\u00fc Sihirbaz \/ Mentalist Doruk \u00dclgen","potentialAction":[{"@type":"SearchAction","target":{"@type":"EntryPoint","urlTemplate":"https:\/\/dorukulgen.com\/?s={search_term_string}"},"query-input":{"@type":"PropertyValueSpecification","valueRequired":true,"valueName":"search_term_string"}}],"inLanguage":"en-US"}]}},"_links":{"self":[{"href":"https:\/\/dorukulgen.com\/en\/wp-json\/wp\/v2\/product\/22292","targetHints":{"allow":["GET"]}}],"collection":[{"href":"https:\/\/dorukulgen.com\/en\/wp-json\/wp\/v2\/product"}],"about":[{"href":"https:\/\/dorukulgen.com\/en\/wp-json\/wp\/v2\/types\/product"}],"replies":[{"embeddable":true,"href":"https:\/\/dorukulgen.com\/en\/wp-json\/wp\/v2\/comments?post=22292"}],"wp:featuredmedia":[{"embeddable":true,"href":"https:\/\/dorukulgen.com\/en\/wp-json\/wp\/v2\/media\/22293"}],"wp:attachment":[{"href":"https:\/\/dorukulgen.com\/en\/wp-json\/wp\/v2\/media?parent=22292"}],"wp:term":[{"taxonomy":"product_brand","embeddable":true,"href":"https:\/\/dorukulgen.com\/en\/wp-json\/wp\/v2\/product_brand?post=22292"},{"taxonomy":"product_cat","embeddable":true,"href":"https:\/\/dorukulgen.com\/en\/wp-json\/wp\/v2\/product_cat?post=22292"},{"taxonomy":"product_tag","embeddable":true,"href":"https:\/\/dorukulgen.com\/en\/wp-json\/wp\/v2\/product_tag?post=22292"}],"curies":[{"name":"wp","href":"https:\/\/api.w.org\/{rel}","templated":true}]}}