{"id":22222,"date":"2016-04-16T15:03:33","date_gmt":"2016-04-16T12:03:33","guid":{"rendered":"http:\/\/dorukulgen.com\/miracle-puzzle\/"},"modified":"2016-04-16T15:03:33","modified_gmt":"2016-04-16T12:03:33","slug":"miracle-puzzle","status":"publish","type":"page","link":"https:\/\/dorukulgen.com\/en\/miracle-puzzle\/","title":{"rendered":"Miracle Puzzle"},"content":{"rendered":"<h1 style=\"text-align: center;\"><strong>Miracle Puzzle<\/strong><\/h1>\n<p style=\"text-align: center;\"><strong>By Doruk Ulgen &#038; Ozgur Kapmaz<\/strong><\/p>\n<h2 style=\"text-align: center;\"><strong><em>A Sophisticated Mystery Experience&#8230;<\/em><\/strong><\/h2>\n<p style=\"text-align: center;\"><a href=\"http:\/\/dorukulgen.com\/wp-content\/uploads\/2016\/04\/miracle-puzzle-magic.png\"><img decoding=\"async\" class=\"aligncenter wp-image-5262\" src=\"http:\/\/dorukulgen.com\/wp-content\/uploads\/2016\/04\/miracle-puzzle-magic-300x300.png\" alt=\"miracle-puzzle-magic\" width=\"600\" height=\"600\" srcset=\"https:\/\/dorukulgen.com\/wp-content\/uploads\/2016\/04\/miracle-puzzle-magic-300x300.png 300w, https:\/\/dorukulgen.com\/wp-content\/uploads\/2016\/04\/miracle-puzzle-magic-150x150.png 150w, https:\/\/dorukulgen.com\/wp-content\/uploads\/2016\/04\/miracle-puzzle-magic-200x200.png 200w, https:\/\/dorukulgen.com\/wp-content\/uploads\/2016\/04\/miracle-puzzle-magic-768x768.png 768w, https:\/\/dorukulgen.com\/wp-content\/uploads\/2016\/04\/miracle-puzzle-magic-1024x1024.png 1024w, https:\/\/dorukulgen.com\/wp-content\/uploads\/2016\/04\/miracle-puzzle-magic-60x60.png 60w, https:\/\/dorukulgen.com\/wp-content\/uploads\/2016\/04\/miracle-puzzle-magic.png 1555w\" sizes=\"(max-width: 600px) 100vw, 600px\" \/><\/a><\/p>\n<h3 style=\"text-align: center;\">A poetic mystery, an illusionette that can be carried with one hand, a display of pure elegance and beauty&#8230;<\/h3>\n<h3 style=\"text-align: center;\">All together is Miracle Puzzle, a sophisticated mystery experience&#8230;<\/h3>\n<h4 style=\"text-align: center;\">Introduction &#8211; Trailer<\/h4>\n<p style=\"text-align: center;\"><iframe src=\"https:\/\/www.youtube.com\/embed\/Ecmv46RsUEM?rel=0&#038;showinfo=0\" width=\"640\" height=\"360\" frameborder=\"0\" allowfullscreen=\"allowfullscreen\"><\/iframe><\/p>\n<p style=\"text-align: left;\"><strong>Description;<\/strong><\/p>\n<p style=\"text-align: center;\">Performer introduces a puzzle that fits perfectly in a beautiful frame, which all together is displayed upright on an elegant display board sitting on its own stand. He invites a spectator to examine the wooden puzzle pieces and the frame. Frame is removed and hanged on the corner of the display board. Performer produces an extra piece and puts it on the display stand for future use. Puzzle pieces are mixed and re arranged in full view. Alltough the rectangular shape is still the same, one piece seems to be missing. Extra piece shown earlier, fits perfectly to this spot. However mystery continues as the performer produces an even bigger piece, adds it to the puzzle, re-arranges the pieces and yet again make a perfect rectangular. All of the mystery so far escalates itself to a new level once the performer takes the frame which stayed in full view trough out the performance. Altough there are new pieces added, the frame still fits the puzzle perfectly, leaving the audiences puzzled with a sophisticated mystery experience.<\/p>\n<p style=\"text-align: left;\"><strong>Strong Points;<\/strong><\/p>\n<ul style=\"text-align: left;\">\n<li>An illusionette you can carry with one had, packs flat for easy transport, carrying case with shoulder strap is included<\/li>\n<li>Easy to do, no sleight of hand necessarry (no ditching, no palming etc.)<\/li>\n<li>30 second setup \/ reset<\/li>\n<li>Suitable for any type and size of audience<\/li>\n<li>Can be done surrounded and at anytime of your act<\/li>\n<li>Not just another trick, its a complete routine with adjustable timing<\/li>\n<li>Perform it with a custom story that fits your style, whether it be poetic, fun, full of mystery or even something customized to a spesific event for the needs of your client<\/li>\n<\/ul>\n<p style=\"text-align: left;\"><strong>Includes;<\/strong><\/p>\n<ul style=\"text-align: left;\">\n<li>Display stand measuring approx 54 X 74 X 8 cm, which is a board with magnetic, smooth, black surface, surrounded by an elegant wooden frame, has its own sturdy metal legs with telescopic extensions built to last lifetime. It stands on stage beautifully on its own with adjustable length (max length 140cm).<\/li>\n<li>Hand crafted wooden puzzle pieces with magnetic backs that attach to display board, marble like pattern on their face<\/li>\n<li>An elegant frame that fits the puzzle perfectly (measuring approx 28 X 34 cm)<\/li>\n<li>Carrying Bag with a shoulder strap and extra pockets for extra materials you might want to use<\/li>\n<li>Detailed online video instructions along with written instructions<\/li>\n<\/ul>\n<p style=\"text-align: left;\"><strong>Made in limited quantities, get yours while you can !<\/strong><\/p>\n<p style=\"text-align: left;\"><strong>$900 ( free shipping worldwide ! )<\/strong><\/p>\n\n\t\t\t<style type='text\/css'>\n\t\t\t\t#gallery-1 {\n\t\t\t\t\tmargin: auto;\n\t\t\t\t}\n\t\t\t\t#gallery-1 .gallery-item {\n\t\t\t\t\tfloat: left;\n\t\t\t\t\tmargin-top: 10px;\n\t\t\t\t\ttext-align: center;\n\t\t\t\t\twidth: 33%;\n\t\t\t\t}\n\t\t\t\t#gallery-1 img {\n\t\t\t\t\tborder: 2px solid #cfcfcf;\n\t\t\t\t}\n\t\t\t\t#gallery-1 .gallery-caption {\n\t\t\t\t\tmargin-left: 0;\n\t\t\t\t}\n\t\t\t\t\/* see gallery_shortcode() in wp-includes\/media.php *\/\n\t\t\t<\/style>\n\t\t<div id='gallery-1' class='dt-gallery-container gallery galleryid-22222 gallery-columns-3 gallery-size-thumbnail'><dl class='gallery-item'>\n\t\t\t\t<dt class='gallery-icon landscape'>\n\t\t\t\t\t<a class=\"rollover rollover-zoom dt-pswp-item\" title=\"miracle-puzzle-magic-1\" data-dt-img-description=\"\" data-large_image_width=\"1555\" data-large_image_height=\"1037\"href='https:\/\/dorukulgen.com\/wp-content\/uploads\/2016\/04\/miracle-puzzle-magic-1.png'><img decoding=\"async\" width=\"150\" height=\"150\" src=\"https:\/\/dorukulgen.com\/wp-content\/uploads\/2016\/04\/miracle-puzzle-magic-1-150x150.png\" class=\"attachment-thumbnail size-thumbnail\" alt=\"\" srcset=\"https:\/\/dorukulgen.com\/wp-content\/uploads\/2016\/04\/miracle-puzzle-magic-1-150x150.png 150w, https:\/\/dorukulgen.com\/wp-content\/uploads\/2016\/04\/miracle-puzzle-magic-1-200x200.png 200w, https:\/\/dorukulgen.com\/wp-content\/uploads\/2016\/04\/miracle-puzzle-magic-1-60x60.png 60w\" sizes=\"(max-width: 150px) 100vw, 150px\" \/><\/a>\n\t\t\t\t<\/dt><\/dl><dl class='gallery-item'>\n\t\t\t\t<dt class='gallery-icon landscape'>\n\t\t\t\t\t<a class=\"rollover rollover-zoom dt-pswp-item\" title=\"miracle-puzzle-magic-2\" data-dt-img-description=\"\" data-large_image_width=\"1555\" data-large_image_height=\"1037\"href='https:\/\/dorukulgen.com\/wp-content\/uploads\/2016\/04\/miracle-puzzle-magic-2.png'><img decoding=\"async\" width=\"150\" height=\"150\" src=\"https:\/\/dorukulgen.com\/wp-content\/uploads\/2016\/04\/miracle-puzzle-magic-2-150x150.png\" class=\"attachment-thumbnail size-thumbnail\" alt=\"\" srcset=\"https:\/\/dorukulgen.com\/wp-content\/uploads\/2016\/04\/miracle-puzzle-magic-2-150x150.png 150w, https:\/\/dorukulgen.com\/wp-content\/uploads\/2016\/04\/miracle-puzzle-magic-2-200x200.png 200w, https:\/\/dorukulgen.com\/wp-content\/uploads\/2016\/04\/miracle-puzzle-magic-2-60x60.png 60w\" sizes=\"(max-width: 150px) 100vw, 150px\" \/><\/a>\n\t\t\t\t<\/dt><\/dl><dl class='gallery-item'>\n\t\t\t\t<dt class='gallery-icon portrait'>\n\t\t\t\t\t<a class=\"rollover rollover-zoom dt-pswp-item\" title=\"miracle-puzzle-magic-3\" data-dt-img-description=\"\" data-large_image_width=\"1222\" data-large_image_height=\"1833\"href='https:\/\/dorukulgen.com\/wp-content\/uploads\/2016\/04\/miracle-puzzle-magic-3.png'><img decoding=\"async\" width=\"150\" height=\"150\" src=\"https:\/\/dorukulgen.com\/wp-content\/uploads\/2016\/04\/miracle-puzzle-magic-3-150x150.png\" class=\"attachment-thumbnail size-thumbnail\" alt=\"\" srcset=\"https:\/\/dorukulgen.com\/wp-content\/uploads\/2016\/04\/miracle-puzzle-magic-3-150x150.png 150w, https:\/\/dorukulgen.com\/wp-content\/uploads\/2016\/04\/miracle-puzzle-magic-3-200x200.png 200w, https:\/\/dorukulgen.com\/wp-content\/uploads\/2016\/04\/miracle-puzzle-magic-3-60x60.png 60w\" sizes=\"(max-width: 150px) 100vw, 150px\" \/><\/a>\n\t\t\t\t<\/dt><\/dl><br style=\"clear: both\" \/><dl class='gallery-item'>\n\t\t\t\t<dt class='gallery-icon portrait'>\n\t\t\t\t\t<a class=\"rollover rollover-zoom dt-pswp-item\" title=\"miracle-puzzle-magic-4\" data-dt-img-description=\"\" data-large_image_width=\"1222\" data-large_image_height=\"1833\"href='https:\/\/dorukulgen.com\/wp-content\/uploads\/2016\/04\/miracle-puzzle-magic-4.jpg'><img decoding=\"async\" width=\"150\" height=\"150\" src=\"https:\/\/dorukulgen.com\/wp-content\/uploads\/2016\/04\/miracle-puzzle-magic-4-150x150.jpg\" class=\"attachment-thumbnail size-thumbnail\" alt=\"\" srcset=\"https:\/\/dorukulgen.com\/wp-content\/uploads\/2016\/04\/miracle-puzzle-magic-4-150x150.jpg 150w, https:\/\/dorukulgen.com\/wp-content\/uploads\/2016\/04\/miracle-puzzle-magic-4-200x200.jpg 200w, https:\/\/dorukulgen.com\/wp-content\/uploads\/2016\/04\/miracle-puzzle-magic-4-60x60.jpg 60w\" sizes=\"(max-width: 150px) 100vw, 150px\" \/><\/a>\n\t\t\t\t<\/dt><\/dl><dl class='gallery-item'>\n\t\t\t\t<dt class='gallery-icon landscape'>\n\t\t\t\t\t<a class=\"rollover rollover-zoom dt-pswp-item\" title=\"miracle-puzzle-magic-5\" data-dt-img-description=\"\" data-large_image_width=\"1555\" data-large_image_height=\"1037\"href='https:\/\/dorukulgen.com\/wp-content\/uploads\/2016\/04\/miracle-puzzle-magic-5.png'><img decoding=\"async\" width=\"150\" height=\"150\" src=\"https:\/\/dorukulgen.com\/wp-content\/uploads\/2016\/04\/miracle-puzzle-magic-5-150x150.png\" class=\"attachment-thumbnail size-thumbnail\" alt=\"\" srcset=\"https:\/\/dorukulgen.com\/wp-content\/uploads\/2016\/04\/miracle-puzzle-magic-5-150x150.png 150w, https:\/\/dorukulgen.com\/wp-content\/uploads\/2016\/04\/miracle-puzzle-magic-5-200x200.png 200w, https:\/\/dorukulgen.com\/wp-content\/uploads\/2016\/04\/miracle-puzzle-magic-5-60x60.png 60w\" sizes=\"(max-width: 150px) 100vw, 150px\" \/><\/a>\n\t\t\t\t<\/dt><\/dl>\n\t\t\t\t<br style='clear: both' \/>\n\t\t\t<\/div>\n\n<h3><span style=\"color: #ff0000;\"><strong>To buy;<\/strong><\/span><\/h3>\n<p>Drop us an email (can use the form below) with your shipping\/billing address and your paypal email to recieve your invoice. You can also pay by swift bank transfer. You will recieve an invoice shortly.<\/p>\n<h3 style=\"text-align: center;\">For any feedback or questions, feel free to reach us via our contact form below or email.<\/h3>\n<p>\u00a0<\/p>\n<p class=\"wpcf7-contact-form-not-found\"><strong>Error:<\/strong> Contact form not found.<\/p>\n<p>\u00a0<\/p>\n<hr \/>\n<p>\u00a0<\/p>\n<h3 style=\"text-align: center;\"><span style=\"color: #ff0000;\">If you have already bought Miracle Puzzle and want to reach the online video instructions page with your password, please click the link below.<\/span><\/h3>\n<p style=\"text-align: center;\"><a href=\"http:\/\/dorukulgen.com\/en\/miracle-puzzle\/instructions\/\">Miracle Puzzle Online Video Instructions (password protected)<\/a><\/p>\n","protected":false},"excerpt":{"rendered":"<p>Miracle Puzzle By Doruk Ulgen &#038; Ozgur Kapmaz A Sophisticated Mystery Experience&#8230; A poetic mystery, an illusionette that can be carried with one hand, a display of pure elegance and beauty&#8230; All together is Miracle Puzzle, a sophisticated mystery experience&#8230; Introduction &#8211; Trailer Description; Performer introduces a puzzle that fits perfectly in a beautiful frame,&hellip;<\/p>\n","protected":false},"author":1,"featured_media":0,"parent":0,"menu_order":0,"comment_status":"closed","ping_status":"closed","template":"","meta":{"footnotes":""},"class_list":["post-22222","page","type-page","status-publish","hentry","description-off"],"yoast_head":"<!-- This site is optimized with the Yoast SEO plugin v26.2 - https:\/\/yoast.com\/wordpress\/plugins\/seo\/ -->\n<title>Miracle Puzzle - Sihirbaz Doruk \u00dclgen<\/title>\n<meta name=\"robots\" content=\"index, follow, max-snippet:-1, max-image-preview:large, max-video-preview:-1\" \/>\n<link rel=\"canonical\" href=\"https:\/\/dorukulgen.com\/en\/miracle-puzzle\/\" \/>\n<meta property=\"og:locale\" content=\"en_US\" \/>\n<meta property=\"og:type\" content=\"article\" \/>\n<meta property=\"og:title\" content=\"Miracle Puzzle - Sihirbaz Doruk \u00dclgen\" \/>\n<meta property=\"og:description\" content=\"Miracle Puzzle By Doruk Ulgen &#038; Ozgur Kapmaz A Sophisticated Mystery Experience&#8230; A poetic mystery, an illusionette that can be carried with one hand, a display of pure elegance and beauty&#8230; All together is Miracle Puzzle, a sophisticated mystery experience&#8230; Introduction &#8211; Trailer Description; Performer introduces a puzzle that fits perfectly in a beautiful frame,&hellip;\" \/>\n<meta property=\"og:url\" content=\"https:\/\/dorukulgen.com\/en\/miracle-puzzle\/\" \/>\n<meta property=\"og:site_name\" content=\"Sihirbaz Doruk \u00dclgen\" \/>\n<meta property=\"article:publisher\" content=\"http:\/\/facebook.com\/dorukulgenfan\" \/>\n<meta property=\"og:image\" content=\"https:\/\/dorukulgen.com\/wp-content\/uploads\/2016\/04\/miracle-puzzle-magic-1-150x150.png\" \/>\n<meta name=\"twitter:label1\" content=\"Est. reading time\" \/>\n\t<meta name=\"twitter:data1\" content=\"3 minutes\" \/>\n<script type=\"application\/ld+json\" class=\"yoast-schema-graph\">{\"@context\":\"https:\/\/schema.org\",\"@graph\":[{\"@type\":\"WebPage\",\"@id\":\"https:\/\/dorukulgen.com\/en\/miracle-puzzle\/\",\"url\":\"https:\/\/dorukulgen.com\/en\/miracle-puzzle\/\",\"name\":\"Miracle Puzzle - Sihirbaz Doruk \u00dclgen\",\"isPartOf\":{\"@id\":\"https:\/\/dorukulgen.com\/#website\"},\"primaryImageOfPage\":{\"@id\":\"https:\/\/dorukulgen.com\/en\/miracle-puzzle\/#primaryimage\"},\"image\":{\"@id\":\"https:\/\/dorukulgen.com\/en\/miracle-puzzle\/#primaryimage\"},\"thumbnailUrl\":\"http:\/\/dorukulgen.com\/wp-content\/uploads\/2016\/04\/miracle-puzzle-magic-300x300.png\",\"datePublished\":\"2016-04-16T12:03:33+00:00\",\"breadcrumb\":{\"@id\":\"https:\/\/dorukulgen.com\/en\/miracle-puzzle\/#breadcrumb\"},\"inLanguage\":\"en-US\",\"potentialAction\":[{\"@type\":\"ReadAction\",\"target\":[\"https:\/\/dorukulgen.com\/en\/miracle-puzzle\/\"]}]},{\"@type\":\"ImageObject\",\"inLanguage\":\"en-US\",\"@id\":\"https:\/\/dorukulgen.com\/en\/miracle-puzzle\/#primaryimage\",\"url\":\"http:\/\/dorukulgen.com\/wp-content\/uploads\/2016\/04\/miracle-puzzle-magic-300x300.png\",\"contentUrl\":\"http:\/\/dorukulgen.com\/wp-content\/uploads\/2016\/04\/miracle-puzzle-magic-300x300.png\"},{\"@type\":\"BreadcrumbList\",\"@id\":\"https:\/\/dorukulgen.com\/en\/miracle-puzzle\/#breadcrumb\",\"itemListElement\":[{\"@type\":\"ListItem\",\"position\":1,\"name\":\"Home\",\"item\":\"https:\/\/dorukulgen.com\/en\/\"},{\"@type\":\"ListItem\",\"position\":2,\"name\":\"Miracle Puzzle\"}]},{\"@type\":\"WebSite\",\"@id\":\"https:\/\/dorukulgen.com\/#website\",\"url\":\"https:\/\/dorukulgen.com\/\",\"name\":\"Sihirbaz Doruk \u00dclgen\",\"description\":\"\u00dcnl\u00fc Sihirbaz \/ Mentalist Doruk \u00dclgen\",\"potentialAction\":[{\"@type\":\"SearchAction\",\"target\":{\"@type\":\"EntryPoint\",\"urlTemplate\":\"https:\/\/dorukulgen.com\/?s={search_term_string}\"},\"query-input\":{\"@type\":\"PropertyValueSpecification\",\"valueRequired\":true,\"valueName\":\"search_term_string\"}}],\"inLanguage\":\"en-US\"}]}<\/script>\n<!-- \/ Yoast SEO plugin. -->","yoast_head_json":{"title":"Miracle Puzzle - Sihirbaz Doruk \u00dclgen","robots":{"index":"index","follow":"follow","max-snippet":"max-snippet:-1","max-image-preview":"max-image-preview:large","max-video-preview":"max-video-preview:-1"},"canonical":"https:\/\/dorukulgen.com\/en\/miracle-puzzle\/","og_locale":"en_US","og_type":"article","og_title":"Miracle Puzzle - Sihirbaz Doruk \u00dclgen","og_description":"Miracle Puzzle By Doruk Ulgen &#038; Ozgur Kapmaz A Sophisticated Mystery Experience&#8230; A poetic mystery, an illusionette that can be carried with one hand, a display of pure elegance and beauty&#8230; All together is Miracle Puzzle, a sophisticated mystery experience&#8230; Introduction &#8211; Trailer Description; Performer introduces a puzzle that fits perfectly in a beautiful frame,&hellip;","og_url":"https:\/\/dorukulgen.com\/en\/miracle-puzzle\/","og_site_name":"Sihirbaz Doruk \u00dclgen","article_publisher":"http:\/\/facebook.com\/dorukulgenfan","og_image":[{"url":"https:\/\/dorukulgen.com\/wp-content\/uploads\/2016\/04\/miracle-puzzle-magic-1-150x150.png","type":"","width":"","height":""}],"twitter_misc":{"Est. reading time":"3 minutes"},"schema":{"@context":"https:\/\/schema.org","@graph":[{"@type":"WebPage","@id":"https:\/\/dorukulgen.com\/en\/miracle-puzzle\/","url":"https:\/\/dorukulgen.com\/en\/miracle-puzzle\/","name":"Miracle Puzzle - Sihirbaz Doruk \u00dclgen","isPartOf":{"@id":"https:\/\/dorukulgen.com\/#website"},"primaryImageOfPage":{"@id":"https:\/\/dorukulgen.com\/en\/miracle-puzzle\/#primaryimage"},"image":{"@id":"https:\/\/dorukulgen.com\/en\/miracle-puzzle\/#primaryimage"},"thumbnailUrl":"http:\/\/dorukulgen.com\/wp-content\/uploads\/2016\/04\/miracle-puzzle-magic-300x300.png","datePublished":"2016-04-16T12:03:33+00:00","breadcrumb":{"@id":"https:\/\/dorukulgen.com\/en\/miracle-puzzle\/#breadcrumb"},"inLanguage":"en-US","potentialAction":[{"@type":"ReadAction","target":["https:\/\/dorukulgen.com\/en\/miracle-puzzle\/"]}]},{"@type":"ImageObject","inLanguage":"en-US","@id":"https:\/\/dorukulgen.com\/en\/miracle-puzzle\/#primaryimage","url":"http:\/\/dorukulgen.com\/wp-content\/uploads\/2016\/04\/miracle-puzzle-magic-300x300.png","contentUrl":"http:\/\/dorukulgen.com\/wp-content\/uploads\/2016\/04\/miracle-puzzle-magic-300x300.png"},{"@type":"BreadcrumbList","@id":"https:\/\/dorukulgen.com\/en\/miracle-puzzle\/#breadcrumb","itemListElement":[{"@type":"ListItem","position":1,"name":"Home","item":"https:\/\/dorukulgen.com\/en\/"},{"@type":"ListItem","position":2,"name":"Miracle Puzzle"}]},{"@type":"WebSite","@id":"https:\/\/dorukulgen.com\/#website","url":"https:\/\/dorukulgen.com\/","name":"Sihirbaz Doruk \u00dclgen","description":"\u00dcnl\u00fc Sihirbaz \/ Mentalist Doruk \u00dclgen","potentialAction":[{"@type":"SearchAction","target":{"@type":"EntryPoint","urlTemplate":"https:\/\/dorukulgen.com\/?s={search_term_string}"},"query-input":{"@type":"PropertyValueSpecification","valueRequired":true,"valueName":"search_term_string"}}],"inLanguage":"en-US"}]}},"_links":{"self":[{"href":"https:\/\/dorukulgen.com\/en\/wp-json\/wp\/v2\/pages\/22222","targetHints":{"allow":["GET"]}}],"collection":[{"href":"https:\/\/dorukulgen.com\/en\/wp-json\/wp\/v2\/pages"}],"about":[{"href":"https:\/\/dorukulgen.com\/en\/wp-json\/wp\/v2\/types\/page"}],"author":[{"embeddable":true,"href":"https:\/\/dorukulgen.com\/en\/wp-json\/wp\/v2\/users\/1"}],"replies":[{"embeddable":true,"href":"https:\/\/dorukulgen.com\/en\/wp-json\/wp\/v2\/comments?post=22222"}],"version-history":[{"count":0,"href":"https:\/\/dorukulgen.com\/en\/wp-json\/wp\/v2\/pages\/22222\/revisions"}],"wp:attachment":[{"href":"https:\/\/dorukulgen.com\/en\/wp-json\/wp\/v2\/media?parent=22222"}],"curies":[{"name":"wp","href":"https:\/\/api.w.org\/{rel}","templated":true}]}}