{"id":22220,"date":"2011-02-08T22:42:43","date_gmt":"2011-02-08T20:42:43","guid":{"rendered":"http:\/\/dorukulgen.com\/show-enquiry\/"},"modified":"2019-10-20T07:45:20","modified_gmt":"2019-10-20T04:45:20","slug":"show-enquiry","status":"publish","type":"page","link":"https:\/\/dorukulgen.com\/en\/show-enquiry\/","title":{"rendered":"Show \/ Project Enquiry"},"content":{"rendered":"<p>For a fast and detailed response, please fill the form completely with as much as detail you can.<\/p>\n\n<div class=\"wpcf7 no-js\" id=\"wpcf7-f22228-o1\" lang=\"en-US\" dir=\"ltr\" data-wpcf7-id=\"22228\">\n<div class=\"screen-reader-response\"><p role=\"status\" aria-live=\"polite\" aria-atomic=\"true\"><\/p> <ul><\/ul><\/div>\n<form action=\"\/en\/wp-json\/wp\/v2\/pages\/22220#wpcf7-f22228-o1\" method=\"post\" class=\"wpcf7-form init\" aria-label=\"Contact form\" novalidate=\"novalidate\" data-status=\"init\">\n<fieldset class=\"hidden-fields-container\"><input type=\"hidden\" name=\"_wpcf7\" value=\"22228\" \/><input type=\"hidden\" name=\"_wpcf7_version\" value=\"6.1.3\" \/><input type=\"hidden\" name=\"_wpcf7_locale\" value=\"en_US\" \/><input type=\"hidden\" name=\"_wpcf7_unit_tag\" value=\"wpcf7-f22228-o1\" \/><input type=\"hidden\" name=\"_wpcf7_container_post\" value=\"0\" \/><input type=\"hidden\" name=\"_wpcf7_posted_data_hash\" value=\"\" \/><input type=\"hidden\" name=\"_wpcf7_recaptcha_response\" value=\"\" \/>\n<\/fieldset>\n<p>Name Surname\n<\/p>\n<p><span class=\"wpcf7-form-control-wrap\" data-name=\"your-name\"><input size=\"40\" maxlength=\"400\" class=\"wpcf7-form-control wpcf7-text wpcf7-validates-as-required\" aria-required=\"true\" aria-invalid=\"false\" value=\"\" type=\"text\" name=\"your-name\" \/><\/span>\n<\/p>\n<p>Company name (website)\n<\/p>\n<p><span class=\"wpcf7-form-control-wrap\" data-name=\"firmaismi\"><input size=\"40\" maxlength=\"400\" class=\"wpcf7-form-control wpcf7-text wpcf7-validates-as-required\" aria-required=\"true\" aria-invalid=\"false\" value=\"\" type=\"text\" name=\"firmaismi\" \/><\/span>\n<\/p>\n<p>Phone Number\n<\/p>\n<p><span class=\"wpcf7-form-control-wrap\" data-name=\"telefon\"><input size=\"40\" maxlength=\"400\" class=\"wpcf7-form-control wpcf7-text wpcf7-validates-as-required\" aria-required=\"true\" aria-invalid=\"false\" value=\"\" type=\"text\" name=\"telefon\" \/><\/span>\n<\/p>\n<p>E-mail\n<\/p>\n<p><span class=\"wpcf7-form-control-wrap\" data-name=\"your-email\"><input size=\"40\" maxlength=\"400\" class=\"wpcf7-form-control wpcf7-email wpcf7-validates-as-required wpcf7-text wpcf7-validates-as-email\" aria-required=\"true\" aria-invalid=\"false\" value=\"\" type=\"email\" name=\"your-email\" \/><\/span>\n<\/p>\n<p>Show time (date and hour)\n<\/p>\n<p><span class=\"wpcf7-form-control-wrap\" data-name=\"zaman\"><input size=\"40\" maxlength=\"400\" class=\"wpcf7-form-control wpcf7-text wpcf7-validates-as-required\" aria-required=\"true\" aria-invalid=\"false\" value=\"\" type=\"text\" name=\"zaman\" \/><\/span>\n<\/p>\n<p>If its a repeat show, how many times and how often ? (eg: at 13:00 and 16:00)\n<\/p>\n<p><span class=\"wpcf7-form-control-wrap\" data-name=\"tekrarsayisi\"><input size=\"40\" maxlength=\"400\" class=\"wpcf7-form-control wpcf7-text wpcf7-validates-as-required\" aria-required=\"true\" aria-invalid=\"false\" value=\"\" type=\"text\" name=\"tekrarsayisi\" \/><\/span>\n<\/p>\n<p>Show Place (eg: \u0130stanbul, X Hotel, Conference Hall Stage)\n<\/p>\n<p><span class=\"wpcf7-form-control-wrap\" data-name=\"mekan\"><input size=\"40\" maxlength=\"400\" class=\"wpcf7-form-control wpcf7-text wpcf7-validates-as-required\" aria-required=\"true\" aria-invalid=\"false\" value=\"\" type=\"text\" name=\"mekan\" \/><\/span>\n<\/p>\n<p>Type of Event (eg: Corporate Meeting, Private gathering, Product Launch)\n<\/p>\n<p><span class=\"wpcf7-form-control-wrap\" data-name=\"tur\"><input size=\"40\" maxlength=\"400\" class=\"wpcf7-form-control wpcf7-text wpcf7-validates-as-required\" aria-required=\"true\" aria-invalid=\"false\" value=\"\" type=\"text\" name=\"tur\" \/><\/span>\n<\/p>\n<p>Approx Length of Show\n<\/p>\n<p><span class=\"wpcf7-form-control-wrap\" data-name=\"sure\"><select class=\"wpcf7-form-control wpcf7-select wpcf7-validates-as-required\" aria-required=\"true\" aria-invalid=\"false\" name=\"sure\"><option value=\"\">&#8212;Please choose an option&#8212;<\/option><option value=\"5-15\">5-15<\/option><option value=\"15-30\">15-30<\/option><option value=\"30-45\">30-45<\/option><option value=\"45+\">45+<\/option><\/select><\/span>\n<\/p>\n<p>Aprrox Audience Size\n<\/p>\n<p><span class=\"wpcf7-form-control-wrap\" data-name=\"seyircisayisi\"><select class=\"wpcf7-form-control wpcf7-select wpcf7-validates-as-required\" aria-required=\"true\" aria-invalid=\"false\" name=\"seyircisayisi\"><option value=\"\">&#8212;Please choose an option&#8212;<\/option><option value=\"0-100\">0-100<\/option><option value=\"100-200\">100-200<\/option><option value=\"200-400\">200-400<\/option><option value=\"400-800\">400-800<\/option><option value=\"800+\">800+<\/option><\/select><\/span>\n<\/p>\n<p>Subject\n<\/p>\n<p><span class=\"wpcf7-form-control-wrap\" data-name=\"your-subject\"><input size=\"40\" maxlength=\"400\" class=\"wpcf7-form-control wpcf7-text\" aria-invalid=\"false\" value=\"\" type=\"text\" name=\"your-subject\" \/><\/span>\n<\/p>\n<p>Your Message\n<\/p>\n<p><span class=\"wpcf7-form-control-wrap\" data-name=\"your-message\"><textarea cols=\"40\" rows=\"10\" maxlength=\"2000\" class=\"wpcf7-form-control wpcf7-textarea\" aria-invalid=\"false\" name=\"your-message\"><\/textarea><\/span>\n<\/p>\n<p><input class=\"wpcf7-form-control wpcf7-submit has-spinner\" type=\"submit\" value=\"Send\" \/>\n<\/p><p style=\"display: none !important;\" class=\"akismet-fields-container\" data-prefix=\"_wpcf7_ak_\"><label>&#916;<textarea name=\"_wpcf7_ak_hp_textarea\" cols=\"45\" rows=\"8\" maxlength=\"100\"><\/textarea><\/label><input type=\"hidden\" id=\"ak_js_1\" name=\"_wpcf7_ak_js\" value=\"59\"\/><script>document.getElementById( \"ak_js_1\" ).setAttribute( \"value\", ( new Date() ).getTime() );<\/script><\/p><div class=\"wpcf7-response-output\" aria-hidden=\"true\"><\/div>\n<\/form>\n<\/div>\n\n<p>&nbsp;<\/p>\n","protected":false},"excerpt":{"rendered":"<p>For a fast and detailed response, please fill the form completely with as much as detail you can. &nbsp;<\/p>\n","protected":false},"author":1,"featured_media":0,"parent":0,"menu_order":0,"comment_status":"closed","ping_status":"closed","template":"","meta":{"footnotes":""},"class_list":["post-22220","page","type-page","status-publish","hentry","description-off"],"yoast_head":"<!-- This site is optimized with the Yoast SEO plugin v26.2 - https:\/\/yoast.com\/wordpress\/plugins\/seo\/ -->\n<title>Show \/ Project Enquiry - Sihirbaz Doruk \u00dclgen<\/title>\n<meta name=\"robots\" content=\"index, follow, max-snippet:-1, max-image-preview:large, max-video-preview:-1\" \/>\n<link rel=\"canonical\" href=\"https:\/\/dorukulgen.com\/en\/show-enquiry\/\" \/>\n<meta property=\"og:locale\" content=\"en_US\" \/>\n<meta property=\"og:type\" content=\"article\" \/>\n<meta property=\"og:title\" content=\"Show \/ Project Enquiry - Sihirbaz Doruk \u00dclgen\" \/>\n<meta property=\"og:description\" content=\"For a fast and detailed response, please fill the form completely with as much as detail you can. &nbsp;\" \/>\n<meta property=\"og:url\" content=\"https:\/\/dorukulgen.com\/en\/show-enquiry\/\" \/>\n<meta property=\"og:site_name\" content=\"Sihirbaz Doruk \u00dclgen\" \/>\n<meta property=\"article:publisher\" content=\"http:\/\/facebook.com\/dorukulgenfan\" \/>\n<meta property=\"article:modified_time\" content=\"2019-10-20T04:45:20+00:00\" \/>\n<script type=\"application\/ld+json\" class=\"yoast-schema-graph\">{\"@context\":\"https:\/\/schema.org\",\"@graph\":[{\"@type\":\"WebPage\",\"@id\":\"https:\/\/dorukulgen.com\/en\/show-enquiry\/\",\"url\":\"https:\/\/dorukulgen.com\/en\/show-enquiry\/\",\"name\":\"Show \/ Project Enquiry - Sihirbaz Doruk \u00dclgen\",\"isPartOf\":{\"@id\":\"https:\/\/dorukulgen.com\/#website\"},\"datePublished\":\"2011-02-08T20:42:43+00:00\",\"dateModified\":\"2019-10-20T04:45:20+00:00\",\"breadcrumb\":{\"@id\":\"https:\/\/dorukulgen.com\/en\/show-enquiry\/#breadcrumb\"},\"inLanguage\":\"en-US\",\"potentialAction\":[{\"@type\":\"ReadAction\",\"target\":[\"https:\/\/dorukulgen.com\/en\/show-enquiry\/\"]}]},{\"@type\":\"BreadcrumbList\",\"@id\":\"https:\/\/dorukulgen.com\/en\/show-enquiry\/#breadcrumb\",\"itemListElement\":[{\"@type\":\"ListItem\",\"position\":1,\"name\":\"Home\",\"item\":\"https:\/\/dorukulgen.com\/en\/\"},{\"@type\":\"ListItem\",\"position\":2,\"name\":\"Show \/ Project Enquiry\"}]},{\"@type\":\"WebSite\",\"@id\":\"https:\/\/dorukulgen.com\/#website\",\"url\":\"https:\/\/dorukulgen.com\/\",\"name\":\"Sihirbaz Doruk \u00dclgen\",\"description\":\"\u00dcnl\u00fc Sihirbaz \/ Mentalist Doruk \u00dclgen\",\"potentialAction\":[{\"@type\":\"SearchAction\",\"target\":{\"@type\":\"EntryPoint\",\"urlTemplate\":\"https:\/\/dorukulgen.com\/?s={search_term_string}\"},\"query-input\":{\"@type\":\"PropertyValueSpecification\",\"valueRequired\":true,\"valueName\":\"search_term_string\"}}],\"inLanguage\":\"en-US\"}]}<\/script>\n<!-- \/ Yoast SEO plugin. -->","yoast_head_json":{"title":"Show \/ Project Enquiry - Sihirbaz Doruk \u00dclgen","robots":{"index":"index","follow":"follow","max-snippet":"max-snippet:-1","max-image-preview":"max-image-preview:large","max-video-preview":"max-video-preview:-1"},"canonical":"https:\/\/dorukulgen.com\/en\/show-enquiry\/","og_locale":"en_US","og_type":"article","og_title":"Show \/ Project Enquiry - Sihirbaz Doruk \u00dclgen","og_description":"For a fast and detailed response, please fill the form completely with as much as detail you can. &nbsp;","og_url":"https:\/\/dorukulgen.com\/en\/show-enquiry\/","og_site_name":"Sihirbaz Doruk \u00dclgen","article_publisher":"http:\/\/facebook.com\/dorukulgenfan","article_modified_time":"2019-10-20T04:45:20+00:00","schema":{"@context":"https:\/\/schema.org","@graph":[{"@type":"WebPage","@id":"https:\/\/dorukulgen.com\/en\/show-enquiry\/","url":"https:\/\/dorukulgen.com\/en\/show-enquiry\/","name":"Show \/ Project Enquiry - Sihirbaz Doruk \u00dclgen","isPartOf":{"@id":"https:\/\/dorukulgen.com\/#website"},"datePublished":"2011-02-08T20:42:43+00:00","dateModified":"2019-10-20T04:45:20+00:00","breadcrumb":{"@id":"https:\/\/dorukulgen.com\/en\/show-enquiry\/#breadcrumb"},"inLanguage":"en-US","potentialAction":[{"@type":"ReadAction","target":["https:\/\/dorukulgen.com\/en\/show-enquiry\/"]}]},{"@type":"BreadcrumbList","@id":"https:\/\/dorukulgen.com\/en\/show-enquiry\/#breadcrumb","itemListElement":[{"@type":"ListItem","position":1,"name":"Home","item":"https:\/\/dorukulgen.com\/en\/"},{"@type":"ListItem","position":2,"name":"Show \/ Project Enquiry"}]},{"@type":"WebSite","@id":"https:\/\/dorukulgen.com\/#website","url":"https:\/\/dorukulgen.com\/","name":"Sihirbaz Doruk \u00dclgen","description":"\u00dcnl\u00fc Sihirbaz \/ Mentalist Doruk \u00dclgen","potentialAction":[{"@type":"SearchAction","target":{"@type":"EntryPoint","urlTemplate":"https:\/\/dorukulgen.com\/?s={search_term_string}"},"query-input":{"@type":"PropertyValueSpecification","valueRequired":true,"valueName":"search_term_string"}}],"inLanguage":"en-US"}]}},"_links":{"self":[{"href":"https:\/\/dorukulgen.com\/en\/wp-json\/wp\/v2\/pages\/22220","targetHints":{"allow":["GET"]}}],"collection":[{"href":"https:\/\/dorukulgen.com\/en\/wp-json\/wp\/v2\/pages"}],"about":[{"href":"https:\/\/dorukulgen.com\/en\/wp-json\/wp\/v2\/types\/page"}],"author":[{"embeddable":true,"href":"https:\/\/dorukulgen.com\/en\/wp-json\/wp\/v2\/users\/1"}],"replies":[{"embeddable":true,"href":"https:\/\/dorukulgen.com\/en\/wp-json\/wp\/v2\/comments?post=22220"}],"version-history":[{"count":0,"href":"https:\/\/dorukulgen.com\/en\/wp-json\/wp\/v2\/pages\/22220\/revisions"}],"wp:attachment":[{"href":"https:\/\/dorukulgen.com\/en\/wp-json\/wp\/v2\/media?parent=22220"}],"curies":[{"name":"wp","href":"https:\/\/api.w.org\/{rel}","templated":true}]}}