{"id":22209,"date":"2019-04-08T22:17:54","date_gmt":"2019-04-08T19:17:54","guid":{"rendered":"http:\/\/dorukulgen.com\/mentalist\/"},"modified":"2019-10-19T15:22:12","modified_gmt":"2019-10-19T12:22:12","slug":"mentalist","status":"publish","type":"page","link":"https:\/\/dorukulgen.com\/en\/mentalist\/","title":{"rendered":"Mentalist"},"content":{"rendered":"<div class=\"wpb-content-wrapper\"><p>[vc_row content_placement=&#8221;middle&#8221; bg_type=&#8221;image&#8221; parallax_style=&#8221;vcpb-default&#8221; bg_image_new=&#8221;id^1690|url^https:\/\/the7.io\/creative\/wp-content\/uploads\/sites\/3\/2014\/03\/skin05r.stripes-stripe-1-bg-image.gif|caption^null|alt^null|title^skin05r.stripes-stripe-1-bg-image|description^null&#8221; bg_image_size=&#8221;initial&#8221; bg_override=&#8221;ex-full&#8221; type=&#8221;vc_default&#8221; css=&#8221;.vc_custom_1554797077188{padding-top: 40px !important;padding-bottom: 22px !important;background-color: #f2f3f3 !important;}&#8221;][vc_column width=&#8221;1\/2&#8243; css=&#8221;.vc_custom_1490278901277{padding-bottom: 50px !important;}&#8221;]<style type=\"text\/css\" data-type=\"the7_shortcodes-inline-css\">.shortcode-single-image-wrap.shortcode-single-image-efe015f9003dd7ae9681ee7be853cea8.enable-bg-rollover .rollover i,\n.shortcode-single-image-wrap.shortcode-single-image-efe015f9003dd7ae9681ee7be853cea8.enable-bg-rollover .rollover-video i {\n  background: ;\n  background: -webkit-linear-gradient();\n  background: linear-gradient();\n}\n.shortcode-single-image-wrap.shortcode-single-image-efe015f9003dd7ae9681ee7be853cea8 .rollover-icon {\n  font-size: 32px;\n  color: #ffffff;\n  min-width: 44px;\n  min-height: 44px;\n  line-height: 44px;\n  border-radius: 100px;\n  border-style: solid;\n  border-width: 0px;\n}\n.dt-icon-bg-on.shortcode-single-image-wrap.shortcode-single-image-efe015f9003dd7ae9681ee7be853cea8 .rollover-icon {\n  background: rgba(255,255,255,0.3);\n  -webkit-box-shadow: none;\n  box-shadow: none;\n}\n<\/style><div class=\"shortcode-single-image-wrap shortcode-single-image-efe015f9003dd7ae9681ee7be853cea8 alignnone  enable-bg-rollover dt-icon-bg-off\" style=\"margin-top:0px; margin-bottom:0px; margin-left:0px; margin-right:0px;\"><div class=\"shortcode-single-image\"><div class=\"fancy-media-wrap  layzr-bg\" style=\"\"><img fetchpriority=\"high\" decoding=\"async\" class=\"preload-me lazy-load aspect\" src=\"data:image\/svg+xml,%3Csvg%20xmlns%3D&#39;http%3A%2F%2Fwww.w3.org%2F2000%2Fsvg&#39;%20viewBox%3D&#39;0%200%20999%201498&#39;%2F%3E\" data-src=\"https:\/\/dorukulgen.com\/wp-content\/uploads\/2011\/02\/FDS_0399-r-copy.jpg\" data-srcset=\"https:\/\/dorukulgen.com\/wp-content\/uploads\/2011\/02\/FDS_0399-r-copy.jpg 999w\" loading=\"eager\" sizes=\"(max-width: 999px) 100vw, 999px\" width=\"999\" height=\"1498\"  data-dt-location=\"https:\/\/dorukulgen.com\/en\/fds_0399-r-copy\/\" style=\"--ratio: 999 \/ 1498;\" alt=\"\" \/><\/div><\/div><\/div>[\/vc_column][vc_column width=&#8221;1\/2&#8243; css=&#8221;.vc_custom_1490278896841{padding-bottom: 50px !important;}&#8221;]<div class=\"aio-icon-component  vc_custom_1554751059330   style_1\"><div id=\"Info-box-wrap-7670\" class=\"aio-icon-box square_box-icon\" style=\"\"  ><div class=\"aio-icon-square_box\"><div class=\"ult-just-icon-wrapper  \"><div class=\"align-icon\" style=\"text-align:center;\">\n<div class=\"aio-icon advanced \"  style=\"color:#ffffff;background:#ffffff;border-style:;border-color:#333333;border-width:1px;width:0px;height:0px;line-height:0px;border-radius:500px;font-size:0px;display:inline-block;\">\n\t<i class=\"icomoon-material-24x24-vibration\"><\/i>\n<\/div><\/div><\/div><\/div><div class=\"aio-icon-header\" ><h3 class=\"aio-icon-title ult-responsive\"  data-ultimate-target='#Info-box-wrap-7670 .aio-icon-title'  data-responsive-json-new='{\"font-size\":\"desktop:40px;\",\"line-height\":\"desktop:50px;\"}'  style=\"\">Mentalism Shows<\/h3><\/div> <!-- header --><div class=\"aio-icon-description ult-responsive\"  data-ultimate-target='#Info-box-wrap-7670 .aio-icon-description'  data-responsive-json-new='{\"font-size\":\"desktop:20px;\",\"line-height\":\"desktop:30px;\"}'  style=\"\"><br \/>\nThey are the demonstrations of mind-control, mind-reading, predicting the future, mind-bending metal, telepathy, finding hidden objects, face-reading, acting on the subconscious, combining science and paranormal events. It can be presented with wizards or completely separate. Some of the most favorite show style. Doruk \u00dclgen has always been the first choice in this field.<br \/>\nIt is often asked whether the demonstrations of mentalism are &#8216;real&#8217;, of course everything you follow is real, but these facts seem extraordinary because they are not customary. For example, imagine if you have ever seen anyone who can lift a weight of 40 kg, and believe that a person can lift a maximum of 10 kg. When you see someone who lifts 40 kg for the first time, this power will look like a miracle to you. If we say that Doruk \u00dclgen also makes muscle in areas where others have not previously made &#8216;muscle&#8217;, we have correctly stated that the extraordinary performances you watch are actually &#8216;usual&#8217;. Sit back and enjoy.<br \/>\n<\/div> <!-- description --><\/div> <!-- aio-icon-box --><\/div> <!-- aio-icon-component -->[\/vc_column][\/vc_row]<\/p>\n<\/div>","protected":false},"excerpt":{"rendered":"<p>[vc_row content_placement=&#8221;middle&#8221; bg_type=&#8221;image&#8221; parallax_style=&#8221;vcpb-default&#8221; bg_image_new=&#8221;id^1690|url^https:\/\/the7.io\/creative\/wp-content\/uploads\/sites\/3\/2014\/03\/skin05r.stripes-stripe-1-bg-image.gif|caption^null|alt^null|title^skin05r.stripes-stripe-1-bg-image|description^null&#8221; bg_image_size=&#8221;initial&#8221; bg_override=&#8221;ex-full&#8221; type=&#8221;vc_default&#8221; css=&#8221;.vc_custom_1554797077188{padding-top: 40px !important;padding-bottom: 22px !important;background-color: #f2f3f3 !important;}&#8221;][vc_column width=&#8221;1\/2&#8243; css=&#8221;.vc_custom_1490278901277{padding-bottom: 50px !important;}&#8221;][\/vc_column][vc_column width=&#8221;1\/2&#8243; css=&#8221;.vc_custom_1490278896841{padding-bottom: 50px !important;}&#8221;][\/vc_column][\/vc_row]<\/p>\n","protected":false},"author":1,"featured_media":0,"parent":0,"menu_order":0,"comment_status":"closed","ping_status":"closed","template":"","meta":{"footnotes":""},"class_list":["post-22209","page","type-page","status-publish","hentry","description-off"],"yoast_head":"<!-- This site is optimized with the Yoast SEO plugin v26.2 - https:\/\/yoast.com\/wordpress\/plugins\/seo\/ -->\n<title>Mentalist - Sihirbaz Doruk \u00dclgen<\/title>\n<meta name=\"robots\" content=\"index, follow, max-snippet:-1, max-image-preview:large, max-video-preview:-1\" \/>\n<link rel=\"canonical\" href=\"https:\/\/dorukulgen.com\/en\/mentalist\/\" \/>\n<meta property=\"og:locale\" content=\"en_US\" \/>\n<meta property=\"og:type\" content=\"article\" \/>\n<meta property=\"og:title\" content=\"Mentalist - Sihirbaz Doruk \u00dclgen\" \/>\n<meta property=\"og:description\" content=\"[vc_row content_placement=&#8221;middle&#8221; bg_type=&#8221;image&#8221; parallax_style=&#8221;vcpb-default&#8221; bg_image_new=&#8221;id^1690|url^https:\/\/the7.io\/creative\/wp-content\/uploads\/sites\/3\/2014\/03\/skin05r.stripes-stripe-1-bg-image.gif|caption^null|alt^null|title^skin05r.stripes-stripe-1-bg-image|description^null&#8221; bg_image_size=&#8221;initial&#8221; bg_override=&#8221;ex-full&#8221; type=&#8221;vc_default&#8221; css=&#8221;.vc_custom_1554797077188{padding-top: 40px !important;padding-bottom: 22px !important;background-color: #f2f3f3 !important;}&#8221;][vc_column width=&#8221;1\/2&#8243; css=&#8221;.vc_custom_1490278901277{padding-bottom: 50px !important;}&#8221;][\/vc_column][vc_column width=&#8221;1\/2&#8243; css=&#8221;.vc_custom_1490278896841{padding-bottom: 50px !important;}&#8221;][\/vc_column][\/vc_row]\" \/>\n<meta property=\"og:url\" content=\"https:\/\/dorukulgen.com\/en\/mentalist\/\" \/>\n<meta property=\"og:site_name\" content=\"Sihirbaz Doruk \u00dclgen\" \/>\n<meta property=\"article:publisher\" content=\"http:\/\/facebook.com\/dorukulgenfan\" \/>\n<meta property=\"article:modified_time\" content=\"2019-10-19T12:22:12+00:00\" \/>\n<meta name=\"twitter:label1\" content=\"Est. reading time\" \/>\n\t<meta name=\"twitter:data1\" content=\"2 minutes\" \/>\n<script type=\"application\/ld+json\" class=\"yoast-schema-graph\">{\"@context\":\"https:\/\/schema.org\",\"@graph\":[{\"@type\":\"WebPage\",\"@id\":\"https:\/\/dorukulgen.com\/en\/mentalist\/\",\"url\":\"https:\/\/dorukulgen.com\/en\/mentalist\/\",\"name\":\"Mentalist - Sihirbaz Doruk \u00dclgen\",\"isPartOf\":{\"@id\":\"https:\/\/dorukulgen.com\/#website\"},\"datePublished\":\"2019-04-08T19:17:54+00:00\",\"dateModified\":\"2019-10-19T12:22:12+00:00\",\"breadcrumb\":{\"@id\":\"https:\/\/dorukulgen.com\/en\/mentalist\/#breadcrumb\"},\"inLanguage\":\"en-US\",\"potentialAction\":[{\"@type\":\"ReadAction\",\"target\":[\"https:\/\/dorukulgen.com\/en\/mentalist\/\"]}]},{\"@type\":\"BreadcrumbList\",\"@id\":\"https:\/\/dorukulgen.com\/en\/mentalist\/#breadcrumb\",\"itemListElement\":[{\"@type\":\"ListItem\",\"position\":1,\"name\":\"Home\",\"item\":\"https:\/\/dorukulgen.com\/en\/\"},{\"@type\":\"ListItem\",\"position\":2,\"name\":\"Mentalist\"}]},{\"@type\":\"WebSite\",\"@id\":\"https:\/\/dorukulgen.com\/#website\",\"url\":\"https:\/\/dorukulgen.com\/\",\"name\":\"Sihirbaz Doruk \u00dclgen\",\"description\":\"\u00dcnl\u00fc Sihirbaz \/ Mentalist Doruk \u00dclgen\",\"potentialAction\":[{\"@type\":\"SearchAction\",\"target\":{\"@type\":\"EntryPoint\",\"urlTemplate\":\"https:\/\/dorukulgen.com\/?s={search_term_string}\"},\"query-input\":{\"@type\":\"PropertyValueSpecification\",\"valueRequired\":true,\"valueName\":\"search_term_string\"}}],\"inLanguage\":\"en-US\"}]}<\/script>\n<!-- \/ Yoast SEO plugin. -->","yoast_head_json":{"title":"Mentalist - Sihirbaz Doruk \u00dclgen","robots":{"index":"index","follow":"follow","max-snippet":"max-snippet:-1","max-image-preview":"max-image-preview:large","max-video-preview":"max-video-preview:-1"},"canonical":"https:\/\/dorukulgen.com\/en\/mentalist\/","og_locale":"en_US","og_type":"article","og_title":"Mentalist - Sihirbaz Doruk \u00dclgen","og_description":"[vc_row content_placement=&#8221;middle&#8221; bg_type=&#8221;image&#8221; parallax_style=&#8221;vcpb-default&#8221; bg_image_new=&#8221;id^1690|url^https:\/\/the7.io\/creative\/wp-content\/uploads\/sites\/3\/2014\/03\/skin05r.stripes-stripe-1-bg-image.gif|caption^null|alt^null|title^skin05r.stripes-stripe-1-bg-image|description^null&#8221; bg_image_size=&#8221;initial&#8221; bg_override=&#8221;ex-full&#8221; type=&#8221;vc_default&#8221; css=&#8221;.vc_custom_1554797077188{padding-top: 40px !important;padding-bottom: 22px !important;background-color: #f2f3f3 !important;}&#8221;][vc_column width=&#8221;1\/2&#8243; css=&#8221;.vc_custom_1490278901277{padding-bottom: 50px !important;}&#8221;][\/vc_column][vc_column width=&#8221;1\/2&#8243; css=&#8221;.vc_custom_1490278896841{padding-bottom: 50px !important;}&#8221;][\/vc_column][\/vc_row]","og_url":"https:\/\/dorukulgen.com\/en\/mentalist\/","og_site_name":"Sihirbaz Doruk \u00dclgen","article_publisher":"http:\/\/facebook.com\/dorukulgenfan","article_modified_time":"2019-10-19T12:22:12+00:00","twitter_misc":{"Est. reading time":"2 minutes"},"schema":{"@context":"https:\/\/schema.org","@graph":[{"@type":"WebPage","@id":"https:\/\/dorukulgen.com\/en\/mentalist\/","url":"https:\/\/dorukulgen.com\/en\/mentalist\/","name":"Mentalist - Sihirbaz Doruk \u00dclgen","isPartOf":{"@id":"https:\/\/dorukulgen.com\/#website"},"datePublished":"2019-04-08T19:17:54+00:00","dateModified":"2019-10-19T12:22:12+00:00","breadcrumb":{"@id":"https:\/\/dorukulgen.com\/en\/mentalist\/#breadcrumb"},"inLanguage":"en-US","potentialAction":[{"@type":"ReadAction","target":["https:\/\/dorukulgen.com\/en\/mentalist\/"]}]},{"@type":"BreadcrumbList","@id":"https:\/\/dorukulgen.com\/en\/mentalist\/#breadcrumb","itemListElement":[{"@type":"ListItem","position":1,"name":"Home","item":"https:\/\/dorukulgen.com\/en\/"},{"@type":"ListItem","position":2,"name":"Mentalist"}]},{"@type":"WebSite","@id":"https:\/\/dorukulgen.com\/#website","url":"https:\/\/dorukulgen.com\/","name":"Sihirbaz Doruk \u00dclgen","description":"\u00dcnl\u00fc Sihirbaz \/ Mentalist Doruk \u00dclgen","potentialAction":[{"@type":"SearchAction","target":{"@type":"EntryPoint","urlTemplate":"https:\/\/dorukulgen.com\/?s={search_term_string}"},"query-input":{"@type":"PropertyValueSpecification","valueRequired":true,"valueName":"search_term_string"}}],"inLanguage":"en-US"}]}},"_links":{"self":[{"href":"https:\/\/dorukulgen.com\/en\/wp-json\/wp\/v2\/pages\/22209","targetHints":{"allow":["GET"]}}],"collection":[{"href":"https:\/\/dorukulgen.com\/en\/wp-json\/wp\/v2\/pages"}],"about":[{"href":"https:\/\/dorukulgen.com\/en\/wp-json\/wp\/v2\/types\/page"}],"author":[{"embeddable":true,"href":"https:\/\/dorukulgen.com\/en\/wp-json\/wp\/v2\/users\/1"}],"replies":[{"embeddable":true,"href":"https:\/\/dorukulgen.com\/en\/wp-json\/wp\/v2\/comments?post=22209"}],"version-history":[{"count":0,"href":"https:\/\/dorukulgen.com\/en\/wp-json\/wp\/v2\/pages\/22209\/revisions"}],"wp:attachment":[{"href":"https:\/\/dorukulgen.com\/en\/wp-json\/wp\/v2\/media?parent=22209"}],"curies":[{"name":"wp","href":"https:\/\/api.w.org\/{rel}","templated":true}]}}