{"id":22207,"date":"2019-04-08T22:03:55","date_gmt":"2019-04-08T19:03:55","guid":{"rendered":"http:\/\/dorukulgen.com\/extra\/"},"modified":"2019-10-19T15:21:34","modified_gmt":"2019-10-19T12:21:34","slug":"extra","status":"publish","type":"page","link":"https:\/\/dorukulgen.com\/en\/extra\/","title":{"rendered":"Extra Services"},"content":{"rendered":"<div class=\"wpb-content-wrapper\"><p>[vc_row][vc_column][vc_column_text]You can find extra services related to the shows offered by Doruk \u00dclgen and his team below. These services must be specifically requested.[\/vc_column_text][vc_tta_accordion][vc_tta_section title=&#8221;Stage Setup &#8211; Special Decors&#8221; tab_id=&#8221;1554749973450-93579e7c-b16d&#8221;][vc_column_text]The Doruk \u00dclgen team can set up the show with its own special stage background (6 meters wide, 3 meters long or smaller) to create a magical ambience and improve the quality of the event. Two 2X1 meter Doruk \u00dclgen banners can also be installed. Sound &#8211; Light &#8211; Projection and similar technical needs can be fully covered.[\/vc_column_text][\/vc_tta_section][vc_tta_section title=&#8221;Promotional Magic items&#8221; tab_id=&#8221;1554749973477-0ad7936e-4571&#8243;][vc_column_text]Turkey&#8217;s most comprehensive platform of magic Sihirci.com &#8216;as the owner of Doruk Ulgen, from hundreds of product options specific to your event, we can offer many magic promotional items to be distributed to the participants. Please call to find out what can be recommended for you.[\/vc_column_text][\/vc_tta_section][vc_tta_section title=&#8221;Workshop (magic)&#8221; tab_id=&#8221;1554750059832-41e95f2f-4ced&#8221;][vc_column_text]It is a study that can be used to teach participants easy and effective demonstrations that they can use in social or business life. It varies depending on factors such as group profile and number of people. Please call to consult how a study can be done for you.[\/vc_column_text][\/vc_tta_section][vc_tta_section title=&#8221;Magic Bingo&#8221; tab_id=&#8221;1554750081120-25995eac-0aed&#8221;][vc_column_text]Magic Bingo is a specially designed interactive game for all kinds of crowds to play every event. To win prizes, the participants will be able to use their brand name, slogan, etc. when they make bingo. shout the selected words. At the end of the game, everyone wins at the same time, and with a tremendous energy, everyone screams the chosen words! Please click for detailed information about the company&#8217;s special bingo cards; Magic Bingo[\/vc_column_text][\/vc_tta_section][vc_tta_section title=&#8221;Signing Day&#8221; tab_id=&#8221;1554750107858-31a72212-7832&#8243;][vc_column_text]Doruk \u00dclgen, author of the most comprehensive book in the field, Sihirbaz The Book of Magic \u2018signs her book, meets her fans and takes photos.[\/vc_column_text][\/vc_tta_section][vc_tta_section title=&#8221;Huge Magic Wands&#8221; tab_id=&#8221;1554750129371-75f82017-5314&#8243;][vc_column_text]The giant 6-meter magician wands can be used decotively, to keep the participants in their hands for an unforgettable and entertaining photograph, or to walk around with a banner giving details of the show before the show, to attract people&#8217;s attention.[\/vc_column_text][\/vc_tta_section][vc_tta_section title=&#8221;Graphic Design&#8221; tab_id=&#8221;1554750157744-652a4371-63ad&#8221;][vc_column_text]A special poster, brochure, billboard design etc. for event \/ show. but if you don&#8217;t have a design team, our experienced team of designers can help in both the design and printing \/ production process.[\/vc_column_text][\/vc_tta_section][vc_tta_section title=&#8221;Crew \/ staff&#8221; tab_id=&#8221;1554750178533-48db4ee2-1129&#8243;][vc_column_text]Security, technical team, welcome team, operation team, such as the staff you may need in the field, we work together to create reliable, experienced teams can help.[\/vc_column_text][\/vc_tta_section][vc_tta_section title=&#8221;Magic Booth&#8221; tab_id=&#8221;1554750197979-a74a04a1-72d8&#8243;][vc_column_text]We can build a magic stand where easy-to-perform magic shows are sold and taught, and we can allow those who wish to access these magic products. Please call to see if this service is suitable for your event.[\/vc_column_text][\/vc_tta_section][\/vc_tta_accordion][\/vc_column][\/vc_row]<\/p>\n<\/div>","protected":false},"excerpt":{"rendered":"<p>[vc_row][vc_column][vc_column_text]You can find extra services related to the shows offered by Doruk \u00dclgen and his team below. These services must be specifically requested.[\/vc_column_text][vc_tta_accordion][vc_tta_section title=&#8221;Stage Setup &#8211; Special Decors&#8221; tab_id=&#8221;1554749973450-93579e7c-b16d&#8221;][vc_column_text]The Doruk \u00dclgen team can set up the show with its own special stage background (6 meters wide, 3 meters long or smaller) to create a magical&hellip;<\/p>\n","protected":false},"author":1,"featured_media":0,"parent":0,"menu_order":0,"comment_status":"closed","ping_status":"closed","template":"","meta":{"footnotes":""},"class_list":["post-22207","page","type-page","status-publish","hentry","description-off"],"yoast_head":"<!-- This site is optimized with the Yoast SEO plugin v26.2 - https:\/\/yoast.com\/wordpress\/plugins\/seo\/ -->\n<title>Extra Services - Sihirbaz Doruk \u00dclgen<\/title>\n<meta name=\"robots\" content=\"index, follow, max-snippet:-1, max-image-preview:large, max-video-preview:-1\" \/>\n<link rel=\"canonical\" href=\"https:\/\/dorukulgen.com\/en\/extra\/\" \/>\n<meta property=\"og:locale\" content=\"en_US\" \/>\n<meta property=\"og:type\" content=\"article\" \/>\n<meta property=\"og:title\" content=\"Extra Services - Sihirbaz Doruk \u00dclgen\" \/>\n<meta property=\"og:description\" content=\"[vc_row][vc_column][vc_column_text]You can find extra services related to the shows offered by Doruk \u00dclgen and his team below. These services must be specifically requested.[\/vc_column_text][vc_tta_accordion][vc_tta_section title=&#8221;Stage Setup &#8211; Special Decors&#8221; tab_id=&#8221;1554749973450-93579e7c-b16d&#8221;][vc_column_text]The Doruk \u00dclgen team can set up the show with its own special stage background (6 meters wide, 3 meters long or smaller) to create a magical&hellip;\" \/>\n<meta property=\"og:url\" content=\"https:\/\/dorukulgen.com\/en\/extra\/\" \/>\n<meta property=\"og:site_name\" content=\"Sihirbaz Doruk \u00dclgen\" \/>\n<meta property=\"article:publisher\" content=\"http:\/\/facebook.com\/dorukulgenfan\" \/>\n<meta property=\"article:modified_time\" content=\"2019-10-19T12:21:34+00:00\" \/>\n<meta name=\"twitter:label1\" content=\"Est. reading time\" \/>\n\t<meta name=\"twitter:data1\" content=\"3 minutes\" \/>\n<script type=\"application\/ld+json\" class=\"yoast-schema-graph\">{\"@context\":\"https:\/\/schema.org\",\"@graph\":[{\"@type\":\"WebPage\",\"@id\":\"https:\/\/dorukulgen.com\/en\/extra\/\",\"url\":\"https:\/\/dorukulgen.com\/en\/extra\/\",\"name\":\"Extra Services - Sihirbaz Doruk \u00dclgen\",\"isPartOf\":{\"@id\":\"https:\/\/dorukulgen.com\/#website\"},\"datePublished\":\"2019-04-08T19:03:55+00:00\",\"dateModified\":\"2019-10-19T12:21:34+00:00\",\"breadcrumb\":{\"@id\":\"https:\/\/dorukulgen.com\/en\/extra\/#breadcrumb\"},\"inLanguage\":\"en-US\",\"potentialAction\":[{\"@type\":\"ReadAction\",\"target\":[\"https:\/\/dorukulgen.com\/en\/extra\/\"]}]},{\"@type\":\"BreadcrumbList\",\"@id\":\"https:\/\/dorukulgen.com\/en\/extra\/#breadcrumb\",\"itemListElement\":[{\"@type\":\"ListItem\",\"position\":1,\"name\":\"Home\",\"item\":\"https:\/\/dorukulgen.com\/en\/\"},{\"@type\":\"ListItem\",\"position\":2,\"name\":\"Extra Services\"}]},{\"@type\":\"WebSite\",\"@id\":\"https:\/\/dorukulgen.com\/#website\",\"url\":\"https:\/\/dorukulgen.com\/\",\"name\":\"Sihirbaz Doruk \u00dclgen\",\"description\":\"\u00dcnl\u00fc Sihirbaz \/ Mentalist Doruk \u00dclgen\",\"potentialAction\":[{\"@type\":\"SearchAction\",\"target\":{\"@type\":\"EntryPoint\",\"urlTemplate\":\"https:\/\/dorukulgen.com\/?s={search_term_string}\"},\"query-input\":{\"@type\":\"PropertyValueSpecification\",\"valueRequired\":true,\"valueName\":\"search_term_string\"}}],\"inLanguage\":\"en-US\"}]}<\/script>\n<!-- \/ Yoast SEO plugin. -->","yoast_head_json":{"title":"Extra Services - Sihirbaz Doruk \u00dclgen","robots":{"index":"index","follow":"follow","max-snippet":"max-snippet:-1","max-image-preview":"max-image-preview:large","max-video-preview":"max-video-preview:-1"},"canonical":"https:\/\/dorukulgen.com\/en\/extra\/","og_locale":"en_US","og_type":"article","og_title":"Extra Services - Sihirbaz Doruk \u00dclgen","og_description":"[vc_row][vc_column][vc_column_text]You can find extra services related to the shows offered by Doruk \u00dclgen and his team below. These services must be specifically requested.[\/vc_column_text][vc_tta_accordion][vc_tta_section title=&#8221;Stage Setup &#8211; Special Decors&#8221; tab_id=&#8221;1554749973450-93579e7c-b16d&#8221;][vc_column_text]The Doruk \u00dclgen team can set up the show with its own special stage background (6 meters wide, 3 meters long or smaller) to create a magical&hellip;","og_url":"https:\/\/dorukulgen.com\/en\/extra\/","og_site_name":"Sihirbaz Doruk \u00dclgen","article_publisher":"http:\/\/facebook.com\/dorukulgenfan","article_modified_time":"2019-10-19T12:21:34+00:00","twitter_misc":{"Est. reading time":"3 minutes"},"schema":{"@context":"https:\/\/schema.org","@graph":[{"@type":"WebPage","@id":"https:\/\/dorukulgen.com\/en\/extra\/","url":"https:\/\/dorukulgen.com\/en\/extra\/","name":"Extra Services - Sihirbaz Doruk \u00dclgen","isPartOf":{"@id":"https:\/\/dorukulgen.com\/#website"},"datePublished":"2019-04-08T19:03:55+00:00","dateModified":"2019-10-19T12:21:34+00:00","breadcrumb":{"@id":"https:\/\/dorukulgen.com\/en\/extra\/#breadcrumb"},"inLanguage":"en-US","potentialAction":[{"@type":"ReadAction","target":["https:\/\/dorukulgen.com\/en\/extra\/"]}]},{"@type":"BreadcrumbList","@id":"https:\/\/dorukulgen.com\/en\/extra\/#breadcrumb","itemListElement":[{"@type":"ListItem","position":1,"name":"Home","item":"https:\/\/dorukulgen.com\/en\/"},{"@type":"ListItem","position":2,"name":"Extra Services"}]},{"@type":"WebSite","@id":"https:\/\/dorukulgen.com\/#website","url":"https:\/\/dorukulgen.com\/","name":"Sihirbaz Doruk \u00dclgen","description":"\u00dcnl\u00fc Sihirbaz \/ Mentalist Doruk \u00dclgen","potentialAction":[{"@type":"SearchAction","target":{"@type":"EntryPoint","urlTemplate":"https:\/\/dorukulgen.com\/?s={search_term_string}"},"query-input":{"@type":"PropertyValueSpecification","valueRequired":true,"valueName":"search_term_string"}}],"inLanguage":"en-US"}]}},"_links":{"self":[{"href":"https:\/\/dorukulgen.com\/en\/wp-json\/wp\/v2\/pages\/22207","targetHints":{"allow":["GET"]}}],"collection":[{"href":"https:\/\/dorukulgen.com\/en\/wp-json\/wp\/v2\/pages"}],"about":[{"href":"https:\/\/dorukulgen.com\/en\/wp-json\/wp\/v2\/types\/page"}],"author":[{"embeddable":true,"href":"https:\/\/dorukulgen.com\/en\/wp-json\/wp\/v2\/users\/1"}],"replies":[{"embeddable":true,"href":"https:\/\/dorukulgen.com\/en\/wp-json\/wp\/v2\/comments?post=22207"}],"version-history":[{"count":0,"href":"https:\/\/dorukulgen.com\/en\/wp-json\/wp\/v2\/pages\/22207\/revisions"}],"wp:attachment":[{"href":"https:\/\/dorukulgen.com\/en\/wp-json\/wp\/v2\/media?parent=22207"}],"curies":[{"name":"wp","href":"https:\/\/api.w.org\/{rel}","templated":true}]}}