{"id":22204,"date":"2014-05-12T10:27:03","date_gmt":"2014-05-12T07:27:03","guid":{"rendered":"http:\/\/dorukulgen.com\/mind-control\/"},"modified":"2019-10-20T12:27:47","modified_gmt":"2019-10-20T09:27:47","slug":"mind-control","status":"publish","type":"page","link":"https:\/\/dorukulgen.com\/en\/mind-control\/","title":{"rendered":"Mind Control"},"content":{"rendered":"<div class=\"wpb-content-wrapper\"><p>[vc_row][vc_column][vc_row_inner][vc_column_inner][vc_column_text]<\/p>\n<h1 style=\"text-align: center;\">Subconious Perception Management Training<\/h1>\n<p>[\/vc_column_text][\/vc_column_inner][\/vc_row_inner][\/vc_column][\/vc_row][vc_row][vc_column][vc_row_inner css=&#8221;.vc_custom_1554707552427{margin-bottom: 11px !important;}&#8221;][vc_column_inner width=&#8221;1\/2&#8243;][vc_column_text]Perception is the process of selecting, organizing, and interpreting to understand the information acquired by individuals through their feelings and to order the world in which they are located. In other words, not what we feel, but what we perceive affect our thoughts and indirectly our behavior. Why is <strong>perception management<\/strong> important to our lives?[\/vc_column_text][\/vc_column_inner][vc_column_inner width=&#8221;1\/2&#8243;][vc_column_text]Because life; it is shaped by how we perceive it, and if perception is managed correctly, it can contribute positively to your life. In addition to personal development, <strong>perception management is of great importance in the business world<\/strong>. Intense advertising pollution, life challenges, community pressures, etc. perception management has become a necessity in order to reach our targets by removing all the elements that interfere with our perceptions.[\/vc_column_text][\/vc_column_inner][\/vc_row_inner][\/vc_column][\/vc_row][vc_row css=&#8221;.vc_custom_1554707128327{margin-bottom: 15px !important;}&#8221;][vc_column][vc_row_inner][vc_column_inner][vc_btn title=&#8221;Click for Corporate Training Enquiries&#8221; style=&#8221;3d&#8221; color=&#8221;turquoise&#8221; align=&#8221;center&#8221; i_icon_fontawesome=&#8221;fa fa-arrow-circle-o-right&#8221; add_icon=&#8221;true&#8221; link=&#8221;url:http%3A%2F%2Fdorukulgen.com%2Fen%2Fshow-enquiry%2F|title:Click%20for%20Corporate%20Training%20Enquiries|&#8221; css=&#8221;.vc_custom_1554705939577{margin-bottom: 12px !important;}&#8221;][\/vc_column_inner][\/vc_row_inner][\/vc_column][\/vc_row][vc_row full_width=&#8221;stretch_row&#8221; content_placement=&#8221;middle&#8221; bg_type=&#8221;image&#8221; parallax_style=&#8221;vcpb-default&#8221; bg_image_new=&#8221;id^4584|url^http:\/\/dorukulgen.com\/wp-content\/uploads\/2014\/05\/kas\u0327\u0131k1.jpg|caption^null|alt^null|title^kas\u0327\u0131k1|description^null&#8221; bg_image_repeat=&#8221;no-repeat&#8221; css=&#8221;.vc_custom_1554708120883{padding-top: 34px !important;padding-bottom: 34px !important;}&#8221;][vc_column width=&#8221;1\/2&#8243; css=&#8221;.vc_custom_1554708063470{background-color: #4f4f4f !important;}&#8221;][vc_column_text]<i class=\"icon-check\"><\/i><span style=\"color: #ffffff;\">Marketing<\/span><br \/>\n<span style=\"color: #ffffff;\"><i class=\"icon-check\"><\/i>Sales<\/span><br \/>\n<span style=\"color: #ffffff;\"><i class=\"icon-check\"><\/i>Human Relations<\/span><br \/>\n<span style=\"color: #ffffff;\"><i class=\"icon-check\"><\/i>Administration<\/span><br \/>\n<span style=\"color: #ffffff;\"><i class=\"icon-check\"><\/i>Operation \/ Coordination<\/span><br \/>\n<span style=\"color: #ffffff;\"><i class=\"icon-check\"><\/i>Customer Relations<\/span>[\/vc_column_text][\/vc_column][vc_column width=&#8221;1\/2&#8243; css=&#8221;.vc_custom_1554708082824{background-color: #4f4f4f !important;}&#8221;][vc_column_text]<span style=\"color: #ffffff;\">The use of <strong>Perception Management<\/strong> techniques in departments such as these will increase productivity and make a difference. Perception management techniques applied to another person \/ community for personal development purposes other than shaping one&#8217;s own perception; that if this person or group is aware of this, they will resist and the success rate will be severely reduced; mostly Unconscious Level Perception Management techniques are used. In this way, the other party is affected, thinks and directed in the desired way without realizing anything. Experience, motivational and emotional state are three important factors that influence and trigger perception. These variables can completely change the perception or the sensor can create a &#8220;defense of perception&#8221;. For this reason, perception management is a highly sensitive field of science.<\/span>[\/vc_column_text][\/vc_column][vc_column css=&#8221;.vc_custom_1554708103384{margin-top: 25px !important;background-color: #4f4f4f !important;}&#8221;][vc_column_text]<\/p>\n<div class=\"description clearfix style-2\"><span style=\"color: #ffffff;\">There are differences between what you think, what you want to say, what you think you say, what you say, what you want to hear, what you hear, what you want to understand, what you think you understand, what you understand. Therefore, there are at least <strong>9 possibilities<\/strong> for people to misunderstand each other.<\/span><\/div>\n<p>[\/vc_column_text][\/vc_column][\/vc_row][vc_row css=&#8221;.vc_custom_1554708176985{margin-top: 34px !important;}&#8221;][vc_column][vc_column_text]<\/p>\n<h2>About the Training<\/h2>\n<p>&nbsp;<\/p>\n<p>In Doruk \u00dclgen <strong>trainings<\/strong>; It teaches practical knowledge and applicable techniques for the desired outcome or the field in which <strong>perception management<\/strong> is intended to be used. It teaches by showing the application of techniques that can be used in real life, which will increase productivity and effect, not interesting information that will remain in theory. Training time can be 15 minutes or 1 full day depending on demand and need. Training is prepared according to the demand and target of the company according to the activity.<\/p>\n<p>Magicians manipulate people&#8217;s perceptions to create their illusions. They mislead the minds of the audience by evaluating their dogma, conditional thoughts, unconscious assumptions, conditioned interpretations, and many weak points of the mind. In addition to providing entertaining and memorable education using her performances, Doruk \u00dclgen brings a different and very effective perspective to perception management with the subtleties of illusion art, which can be called the art of mind-deceiving. Known as the number one in the field of mentalism (mental skills), Doruk \u00dclgen demonstrates the human mind, its perception and its achievements in a way that you cannot see anywhere else. Thanks to his expertise in sales \/ marketing, he knows the business world, trade and corporate structures closely and ensures that those who receive their training make a difference.<\/p>\n<h3><strong>Examples of Usage Areas of Perception Management<\/strong><\/h3>\n<p>&nbsp;<\/p>\n<p>[\/vc_column_text][\/vc_column][\/vc_row][vc_row css=&#8221;.vc_custom_1554708197073{margin-top: 26px !important;margin-bottom: 26px !important;}&#8221;][vc_column width=&#8221;1\/4&#8243;][vc_column_text]<\/p>\n<ul>\n<li><i class=\"icon-check\"><\/i>Face Reading<\/li>\n<li><i class=\"icon-check\"><\/i>Negotiation Management<\/li>\n<li>Subconscious Sales<\/li>\n<\/ul>\n<p>[\/vc_column_text][\/vc_column][vc_column width=&#8221;1\/4&#8243;][vc_column_text]<\/p>\n<ul>\n<li>Chaos Management<\/li>\n<li><i class=\"icon-check\"><\/i>Problem Solving<\/li>\n<li>Team Leadership<\/li>\n<\/ul>\n<p>[\/vc_column_text][\/vc_column][vc_column width=&#8221;1\/4&#8243;][vc_column_text]<\/p>\n<ul>\n<li>Motivation<\/li>\n<li><i class=\"icon-check\"><\/i>Customer Loyalty<\/li>\n<li><i class=\"icon-check\"><\/i>Sales Closing<\/li>\n<\/ul>\n<p>[\/vc_column_text][\/vc_column][vc_column width=&#8221;1\/4&#8243;][vc_column_text]<\/p>\n<ul>\n<li>Presentation Techniques<\/li>\n<li>Event Coordinating<\/li>\n<li>Subliminal Marketing<\/li>\n<\/ul>\n<p>[\/vc_column_text][\/vc_column][\/vc_row][vc_row full_width=&#8221;stretch_row&#8221; css=&#8221;.vc_custom_1554707832624{background-color: #e2e2e2 !important;}&#8221;][vc_column][vc_column_text]<\/p>\n<h3>What is Perception? Is Subconscious or Unconscious True?<\/h3>\n<p>When the perception is simplified; the color of this text is black &#8216;we have learned&#8217; because we say it is black, but if we learned that it would be green or green because of an eye disease, we could see this article or this article is not already black, because of the other colors used on the page, we see green as black. The meaning gained after the information transferred to our perception brain is our &#8216;understanding&#8217; of knowledge. The subconscious contains everything that is voluntarily thrown into the consciousness. But unconscious, involuntarily remaining unconscious, consists of data you can not control. Emotions and impulses that create anxiety when they come to consciousness are not suppressed into the subconscious, but pushed into the unconscious. In short, the correct use of the word subconscious is the right term \u2018\u2018 unconscious \u2019\u2019.<\/p>\n<p>[\/vc_column_text][\/vc_column][\/vc_row]<\/p>\n<\/div>","protected":false},"excerpt":{"rendered":"<p>[vc_row][vc_column][vc_row_inner][vc_column_inner][vc_column_text] Subconious Perception Management Training [\/vc_column_text][\/vc_column_inner][\/vc_row_inner][\/vc_column][\/vc_row][vc_row][vc_column][vc_row_inner css=&#8221;.vc_custom_1554707552427{margin-bottom: 11px !important;}&#8221;][vc_column_inner width=&#8221;1\/2&#8243;][vc_column_text]Perception is the process of selecting, organizing, and interpreting to understand the information acquired by individuals through their feelings and to order the world in which they are located. In other words, not what we feel, but what we perceive affect our thoughts and indirectly our&hellip;<\/p>\n","protected":false},"author":1,"featured_media":22029,"parent":0,"menu_order":0,"comment_status":"closed","ping_status":"closed","template":"","meta":{"footnotes":""},"class_list":["post-22204","page","type-page","status-publish","has-post-thumbnail","hentry","description-off"],"yoast_head":"<!-- This site is optimized with the Yoast SEO plugin v26.2 - https:\/\/yoast.com\/wordpress\/plugins\/seo\/ -->\n<title>Mind Control - Sihirbaz Doruk \u00dclgen<\/title>\n<meta name=\"robots\" content=\"index, follow, max-snippet:-1, max-image-preview:large, max-video-preview:-1\" \/>\n<link rel=\"canonical\" href=\"https:\/\/dorukulgen.com\/en\/mind-control\/\" \/>\n<meta property=\"og:locale\" content=\"en_US\" \/>\n<meta property=\"og:type\" content=\"article\" \/>\n<meta property=\"og:title\" content=\"Mind Control - Sihirbaz Doruk \u00dclgen\" \/>\n<meta property=\"og:description\" content=\"[vc_row][vc_column][vc_row_inner][vc_column_inner][vc_column_text] Subconious Perception Management Training [\/vc_column_text][\/vc_column_inner][\/vc_row_inner][\/vc_column][\/vc_row][vc_row][vc_column][vc_row_inner css=&#8221;.vc_custom_1554707552427{margin-bottom: 11px !important;}&#8221;][vc_column_inner width=&#8221;1\/2&#8243;][vc_column_text]Perception is the process of selecting, organizing, and interpreting to understand the information acquired by individuals through their feelings and to order the world in which they are located. In other words, not what we feel, but what we perceive affect our thoughts and indirectly our&hellip;\" \/>\n<meta property=\"og:url\" content=\"https:\/\/dorukulgen.com\/en\/mind-control\/\" \/>\n<meta property=\"og:site_name\" content=\"Sihirbaz Doruk \u00dclgen\" \/>\n<meta property=\"article:publisher\" content=\"http:\/\/facebook.com\/dorukulgenfan\" \/>\n<meta property=\"article:modified_time\" content=\"2019-10-20T09:27:47+00:00\" \/>\n<meta property=\"og:image\" content=\"https:\/\/dorukulgen.com\/wp-content\/uploads\/2014\/05\/kas\u0327\u0131k1.jpg\" \/>\n\t<meta property=\"og:image:width\" content=\"2222\" \/>\n\t<meta property=\"og:image:height\" content=\"1308\" \/>\n\t<meta property=\"og:image:type\" content=\"image\/jpeg\" \/>\n<meta name=\"twitter:label1\" content=\"Est. reading time\" \/>\n\t<meta name=\"twitter:data1\" content=\"5 minutes\" \/>\n<script type=\"application\/ld+json\" class=\"yoast-schema-graph\">{\"@context\":\"https:\/\/schema.org\",\"@graph\":[{\"@type\":\"WebPage\",\"@id\":\"https:\/\/dorukulgen.com\/en\/mind-control\/\",\"url\":\"https:\/\/dorukulgen.com\/en\/mind-control\/\",\"name\":\"Mind Control - Sihirbaz Doruk \u00dclgen\",\"isPartOf\":{\"@id\":\"https:\/\/dorukulgen.com\/#website\"},\"primaryImageOfPage\":{\"@id\":\"https:\/\/dorukulgen.com\/en\/mind-control\/#primaryimage\"},\"image\":{\"@id\":\"https:\/\/dorukulgen.com\/en\/mind-control\/#primaryimage\"},\"thumbnailUrl\":\"https:\/\/dorukulgen.com\/wp-content\/uploads\/2014\/05\/kas\u0327\u0131k1.jpg\",\"datePublished\":\"2014-05-12T07:27:03+00:00\",\"dateModified\":\"2019-10-20T09:27:47+00:00\",\"breadcrumb\":{\"@id\":\"https:\/\/dorukulgen.com\/en\/mind-control\/#breadcrumb\"},\"inLanguage\":\"en-US\",\"potentialAction\":[{\"@type\":\"ReadAction\",\"target\":[\"https:\/\/dorukulgen.com\/en\/mind-control\/\"]}]},{\"@type\":\"ImageObject\",\"inLanguage\":\"en-US\",\"@id\":\"https:\/\/dorukulgen.com\/en\/mind-control\/#primaryimage\",\"url\":\"https:\/\/dorukulgen.com\/wp-content\/uploads\/2014\/05\/kas\u0327\u0131k1.jpg\",\"contentUrl\":\"https:\/\/dorukulgen.com\/wp-content\/uploads\/2014\/05\/kas\u0327\u0131k1.jpg\",\"width\":2222,\"height\":1308},{\"@type\":\"BreadcrumbList\",\"@id\":\"https:\/\/dorukulgen.com\/en\/mind-control\/#breadcrumb\",\"itemListElement\":[{\"@type\":\"ListItem\",\"position\":1,\"name\":\"Home\",\"item\":\"https:\/\/dorukulgen.com\/en\/\"},{\"@type\":\"ListItem\",\"position\":2,\"name\":\"Mind Control\"}]},{\"@type\":\"WebSite\",\"@id\":\"https:\/\/dorukulgen.com\/#website\",\"url\":\"https:\/\/dorukulgen.com\/\",\"name\":\"Sihirbaz Doruk \u00dclgen\",\"description\":\"\u00dcnl\u00fc Sihirbaz \/ Mentalist Doruk \u00dclgen\",\"potentialAction\":[{\"@type\":\"SearchAction\",\"target\":{\"@type\":\"EntryPoint\",\"urlTemplate\":\"https:\/\/dorukulgen.com\/?s={search_term_string}\"},\"query-input\":{\"@type\":\"PropertyValueSpecification\",\"valueRequired\":true,\"valueName\":\"search_term_string\"}}],\"inLanguage\":\"en-US\"}]}<\/script>\n<!-- \/ Yoast SEO plugin. -->","yoast_head_json":{"title":"Mind Control - Sihirbaz Doruk \u00dclgen","robots":{"index":"index","follow":"follow","max-snippet":"max-snippet:-1","max-image-preview":"max-image-preview:large","max-video-preview":"max-video-preview:-1"},"canonical":"https:\/\/dorukulgen.com\/en\/mind-control\/","og_locale":"en_US","og_type":"article","og_title":"Mind Control - Sihirbaz Doruk \u00dclgen","og_description":"[vc_row][vc_column][vc_row_inner][vc_column_inner][vc_column_text] Subconious Perception Management Training [\/vc_column_text][\/vc_column_inner][\/vc_row_inner][\/vc_column][\/vc_row][vc_row][vc_column][vc_row_inner css=&#8221;.vc_custom_1554707552427{margin-bottom: 11px !important;}&#8221;][vc_column_inner width=&#8221;1\/2&#8243;][vc_column_text]Perception is the process of selecting, organizing, and interpreting to understand the information acquired by individuals through their feelings and to order the world in which they are located. In other words, not what we feel, but what we perceive affect our thoughts and indirectly our&hellip;","og_url":"https:\/\/dorukulgen.com\/en\/mind-control\/","og_site_name":"Sihirbaz Doruk \u00dclgen","article_publisher":"http:\/\/facebook.com\/dorukulgenfan","article_modified_time":"2019-10-20T09:27:47+00:00","og_image":[{"width":2222,"height":1308,"url":"https:\/\/dorukulgen.com\/wp-content\/uploads\/2014\/05\/kas\u0327\u0131k1.jpg","type":"image\/jpeg"}],"twitter_misc":{"Est. reading time":"5 minutes"},"schema":{"@context":"https:\/\/schema.org","@graph":[{"@type":"WebPage","@id":"https:\/\/dorukulgen.com\/en\/mind-control\/","url":"https:\/\/dorukulgen.com\/en\/mind-control\/","name":"Mind Control - Sihirbaz Doruk \u00dclgen","isPartOf":{"@id":"https:\/\/dorukulgen.com\/#website"},"primaryImageOfPage":{"@id":"https:\/\/dorukulgen.com\/en\/mind-control\/#primaryimage"},"image":{"@id":"https:\/\/dorukulgen.com\/en\/mind-control\/#primaryimage"},"thumbnailUrl":"https:\/\/dorukulgen.com\/wp-content\/uploads\/2014\/05\/kas\u0327\u0131k1.jpg","datePublished":"2014-05-12T07:27:03+00:00","dateModified":"2019-10-20T09:27:47+00:00","breadcrumb":{"@id":"https:\/\/dorukulgen.com\/en\/mind-control\/#breadcrumb"},"inLanguage":"en-US","potentialAction":[{"@type":"ReadAction","target":["https:\/\/dorukulgen.com\/en\/mind-control\/"]}]},{"@type":"ImageObject","inLanguage":"en-US","@id":"https:\/\/dorukulgen.com\/en\/mind-control\/#primaryimage","url":"https:\/\/dorukulgen.com\/wp-content\/uploads\/2014\/05\/kas\u0327\u0131k1.jpg","contentUrl":"https:\/\/dorukulgen.com\/wp-content\/uploads\/2014\/05\/kas\u0327\u0131k1.jpg","width":2222,"height":1308},{"@type":"BreadcrumbList","@id":"https:\/\/dorukulgen.com\/en\/mind-control\/#breadcrumb","itemListElement":[{"@type":"ListItem","position":1,"name":"Home","item":"https:\/\/dorukulgen.com\/en\/"},{"@type":"ListItem","position":2,"name":"Mind Control"}]},{"@type":"WebSite","@id":"https:\/\/dorukulgen.com\/#website","url":"https:\/\/dorukulgen.com\/","name":"Sihirbaz Doruk \u00dclgen","description":"\u00dcnl\u00fc Sihirbaz \/ Mentalist Doruk \u00dclgen","potentialAction":[{"@type":"SearchAction","target":{"@type":"EntryPoint","urlTemplate":"https:\/\/dorukulgen.com\/?s={search_term_string}"},"query-input":{"@type":"PropertyValueSpecification","valueRequired":true,"valueName":"search_term_string"}}],"inLanguage":"en-US"}]}},"_links":{"self":[{"href":"https:\/\/dorukulgen.com\/en\/wp-json\/wp\/v2\/pages\/22204","targetHints":{"allow":["GET"]}}],"collection":[{"href":"https:\/\/dorukulgen.com\/en\/wp-json\/wp\/v2\/pages"}],"about":[{"href":"https:\/\/dorukulgen.com\/en\/wp-json\/wp\/v2\/types\/page"}],"author":[{"embeddable":true,"href":"https:\/\/dorukulgen.com\/en\/wp-json\/wp\/v2\/users\/1"}],"replies":[{"embeddable":true,"href":"https:\/\/dorukulgen.com\/en\/wp-json\/wp\/v2\/comments?post=22204"}],"version-history":[{"count":0,"href":"https:\/\/dorukulgen.com\/en\/wp-json\/wp\/v2\/pages\/22204\/revisions"}],"wp:featuredmedia":[{"embeddable":true,"href":"https:\/\/dorukulgen.com\/en\/wp-json\/wp\/v2\/media\/22029"}],"wp:attachment":[{"href":"https:\/\/dorukulgen.com\/en\/wp-json\/wp\/v2\/media?parent=22204"}],"curies":[{"name":"wp","href":"https:\/\/api.w.org\/{rel}","templated":true}]}}