{"id":22200,"date":"2014-05-04T19:33:07","date_gmt":"2014-05-04T16:33:07","guid":{"rendered":"http:\/\/dorukulgen.com\/magic-lesson-course\/"},"modified":"2019-10-19T11:07:25","modified_gmt":"2019-10-19T08:07:25","slug":"magic-lesson-course","status":"publish","type":"page","link":"https:\/\/dorukulgen.com\/en\/magic-lesson-course\/","title":{"rendered":"Magic Lessons and Course"},"content":{"rendered":"<div class=\"wpb-content-wrapper\"><p>[vc_row][vc_column][vc_column_text]<a href=\"http:\/\/dorukulgen.com\/wp-content\/uploads\/2014\/05\/KURS-TANITIM-TASARIM.png\"><img decoding=\"async\" class=\"aligncenter size-large wp-image-4489\" src=\"http:\/\/dorukulgen.com\/wp-content\/uploads\/2014\/05\/KURS-TANITIM-TASARIM-1024x730.png\" alt=\"KURS-TANITIM-TASARIM\" width=\"960\" height=\"684\" srcset=\"https:\/\/dorukulgen.com\/wp-content\/uploads\/2014\/05\/KURS-TANITIM-TASARIM-1024x730.png 1024w, https:\/\/dorukulgen.com\/wp-content\/uploads\/2014\/05\/KURS-TANITIM-TASARIM-300x214.png 300w, https:\/\/dorukulgen.com\/wp-content\/uploads\/2014\/05\/KURS-TANITIM-TASARIM-170x120.png 170w, https:\/\/dorukulgen.com\/wp-content\/uploads\/2014\/05\/KURS-TANITIM-TASARIM-208x147.png 208w, https:\/\/dorukulgen.com\/wp-content\/uploads\/2014\/05\/KURS-TANITIM-TASARIM.png 1111w\" sizes=\"(max-width: 960px) 100vw, 960px\" \/><\/a><\/p>\n<p id=\"tw-target-text\" class=\"tw-data-text tw-text-large tw-ta\" dir=\"ltr\" data-placeholder=\"\u00c7eviri\"><span lang=\"en\" tabindex=\"0\">Turkey&#8217;s first and largest comprehensive arts wizardry platform Sihirci.com presents; How about a magical course where you will learn amazing shows by our international award-winning artist Doruk Ulgen, who has been given the Merlin Award by the World Magicians Association to the world famous names such as David Copperfield and Criss Angel.<\/span><\/p>\n<p id=\"tw-target-text\" class=\"tw-data-text tw-text-large tw-ta\" dir=\"ltr\" data-placeholder=\"\u00c7eviri\"><span lang=\"en\" tabindex=\"0\">You will be able to easily perform the shows you will learn during the course and you will be amazed by the people around you and you will have fun. You&#8217;ll be able to surprise people with materials you can find at your side or in any house. I can&#8217;t, I can&#8217;t do it, don&#8217;t say, there will certainly be demonstrations that you can easily do, but they will be as impressive. You will be able to show interesting shows with playing cards, coins, ropes, napkins, straws and similar easily available materials. While opening the mysterious doors of the art of magic, you will also receive information such as the history of magic art, tricks, presentation techniques, improve your oratory skills to use in your business and private life, increase your creativity, develop your analytical thinking ability and contribute to your personal development in many ways. .<\/span><\/p>\n<p>[\/vc_column_text][\/vc_column][\/vc_row][vc_row][vc_column width=&#8221;1\/2&#8243;]<div class=\"ult_pricing_table_wrap ult_info_table ult_design_2  ult-cs-yellow \">\n\t\t\t\t\t<div class=\"ult_pricing_table \" style=\" \"><div id=\"Info-table-wrap-4194\" class=\"ult_pricing_heading\" style=\"\">\n\t\t\t\t\t\t\t<h3 class=\"ult-responsive\"  data-ultimate-target='#Info-table-wrap-4194 h3'  data-responsive-json-new='{\"font-size\":\"\",\"line-height\":\"\"}'  style=\"font-weight:normal;\">Magicin in on Lesson<\/h3><h5 class=\"ult-responsive\"  data-ultimate-target='#Info-table-wrap-4194 h5'  data-responsive-json-new='{\"font-size\":\"\",\"line-height\":\"\"}'  style=\"font-weight:normal;\">One Lesson \/ 90min.<\/h5><\/div><!--ult_pricing_heading--><div id=\"info_table_features_wrap-5652\"  data-ultimate-target='#info_table_features_wrap-5652.ult_price_features'  data-responsive-json-new='{\"font-size\":\"\",\"line-height\":\"\"}'  class=\"ult-responsive ult_price_features\" style=\"font-weight:normal;\">\n\t\t\t\t\t\t\t<ul>\n<li>Dont have time, wanna learn fast ?<\/li>\n<li>You will learn 10-15 tricks<\/li>\n<li>Only everyday items used (papers, coins, pencils etc)<\/li>\n<li>You will be doing them at the end of the lesson<\/li>\n<li>Second person is discounted (150tl)<\/li>\n<\/ul>\n<p>Price is 250 tl, paid in advance.<\/p>\n\n\t\t\t\t\t\t<\/div><!--ult_price_features--><div class=\"ult_clr\"><\/div>\n\t\t\t<\/div><!--pricing_table-->\n\t\t<\/div><!--pricing_table_wrap-->[\/vc_column][vc_column width=&#8221;1\/2&#8243;]<div class=\"ult_pricing_table_wrap ult_info_table ult_design_2  ult-cs-red \">\n\t\t\t\t\t<div class=\"ult_pricing_table \" style=\" \"><div id=\"Info-table-wrap-8839\" class=\"ult_pricing_heading\" style=\"\">\n\t\t\t\t\t\t\t<h3 class=\"ult-responsive\"  data-ultimate-target='#Info-table-wrap-8839 h3'  data-responsive-json-new='{\"font-size\":\"\",\"line-height\":\"\"}'  style=\"font-weight:normal;\">Serious Magician<\/h3><h5 class=\"ult-responsive\"  data-ultimate-target='#Info-table-wrap-8839 h5'  data-responsive-json-new='{\"font-size\":\"\",\"line-height\":\"\"}'  style=\"font-weight:normal;\">6 Lessons (6x90min)<\/h5><\/div><!--ult_pricing_heading--><div id=\"info_table_features_wrap-8047\"  data-ultimate-target='#info_table_features_wrap-8047.ult_price_features'  data-responsive-json-new='{\"font-size\":\"\",\"line-height\":\"\"}'  class=\"ult-responsive ult_price_features\" style=\"font-weight:normal;\">\n\t\t\t\t\t\t\t<ul>\n<li>Course will be planned according to students interest areas in first lesson<\/li>\n<li>If the student does not have props to work with, minimum of 150 TL will have to be paid for props<\/li>\n<li>Those who want can continue to advanced courses<\/li>\n<li>Second person discounted (700tl)<\/li>\n<\/ul>\n<p>Price is 1250 tl for 6 lesson, paid in advance<\/p>\n\n\t\t\t\t\t\t<\/div><!--ult_price_features--><div class=\"ult_clr\"><\/div>\n\t\t\t<\/div><!--pricing_table-->\n\t\t<\/div><!--pricing_table_wrap-->[\/vc_column][\/vc_row][vc_row][vc_column][vc_column_text]<\/p>\n<p>*All lessons given in our office in mecidiyek\u00f6y square.<\/p>\n<p>*All lesson types can be given to larger groups on demand. For fast magician course, min 20 people, and for other course min 8 people needed to have out of office courses.<\/p>\n<p>*Special show design, TV shows and similar works are not lessons but consultancy and planned\/priced individiually.<\/p>\n<p>*To make an appointment just emain us with times sutiable for you so we can choose a free spot for you and process your appointment.<\/p>\n<p><a href=\"http:\/\/dorukulgen.com\/wp-content\/uploads\/2014\/05\/kurs-go\u0308rsel-copy.png\"><img decoding=\"async\" class=\"aligncenter size-large wp-image-4488\" src=\"http:\/\/dorukulgen.com\/wp-content\/uploads\/2014\/05\/kurs-go\u0308rsel-copy-1024x670.png\" alt=\"kurs-go\u0308rsel-copy\" width=\"960\" height=\"628\" srcset=\"https:\/\/dorukulgen.com\/wp-content\/uploads\/2014\/05\/kurs-go\u0308rsel-copy-1024x670.png 1024w, https:\/\/dorukulgen.com\/wp-content\/uploads\/2014\/05\/kurs-go\u0308rsel-copy-300x196.png 300w, https:\/\/dorukulgen.com\/wp-content\/uploads\/2014\/05\/kurs-go\u0308rsel-copy-460x300.png 460w, https:\/\/dorukulgen.com\/wp-content\/uploads\/2014\/05\/kurs-go\u0308rsel-copy.png 1111w\" sizes=\"(max-width: 960px) 100vw, 960px\" \/><\/a><\/p>\n<p>[\/vc_column_text][\/vc_column][\/vc_row]<\/p>\n<\/div>","protected":false},"excerpt":{"rendered":"<p>[vc_row][vc_column][vc_column_text] Turkey&#8217;s first and largest comprehensive arts wizardry platform Sihirci.com presents; How about a magical course where you will learn amazing shows by our international award-winning artist Doruk Ulgen, who has been given the Merlin Award by the World Magicians Association to the world famous names such as David Copperfield and Criss Angel. You will&hellip;<\/p>\n","protected":false},"author":1,"featured_media":0,"parent":0,"menu_order":0,"comment_status":"closed","ping_status":"closed","template":"","meta":{"footnotes":""},"class_list":["post-22200","page","type-page","status-publish","hentry","description-off"],"yoast_head":"<!-- This site is optimized with the Yoast SEO plugin v26.2 - https:\/\/yoast.com\/wordpress\/plugins\/seo\/ -->\n<title>Magic Lessons and Course - Sihirbaz Doruk \u00dclgen<\/title>\n<meta name=\"robots\" content=\"index, follow, max-snippet:-1, max-image-preview:large, max-video-preview:-1\" \/>\n<link rel=\"canonical\" href=\"https:\/\/dorukulgen.com\/en\/magic-lesson-course\/\" \/>\n<meta property=\"og:locale\" content=\"en_US\" \/>\n<meta property=\"og:type\" content=\"article\" \/>\n<meta property=\"og:title\" content=\"Magic Lessons and Course - Sihirbaz Doruk \u00dclgen\" \/>\n<meta property=\"og:description\" content=\"[vc_row][vc_column][vc_column_text] Turkey&#8217;s first and largest comprehensive arts wizardry platform Sihirci.com presents; How about a magical course where you will learn amazing shows by our international award-winning artist Doruk Ulgen, who has been given the Merlin Award by the World Magicians Association to the world famous names such as David Copperfield and Criss Angel. You will&hellip;\" \/>\n<meta property=\"og:url\" content=\"https:\/\/dorukulgen.com\/en\/magic-lesson-course\/\" \/>\n<meta property=\"og:site_name\" content=\"Sihirbaz Doruk \u00dclgen\" \/>\n<meta property=\"article:publisher\" content=\"http:\/\/facebook.com\/dorukulgenfan\" \/>\n<meta property=\"article:modified_time\" content=\"2019-10-19T08:07:25+00:00\" \/>\n<meta property=\"og:image\" content=\"http:\/\/dorukulgen.com\/wp-content\/uploads\/2014\/05\/KURS-TANITIM-TASARIM-1024x730.png\" \/>\n<meta name=\"twitter:label1\" content=\"Est. reading time\" \/>\n\t<meta name=\"twitter:data1\" content=\"2 minutes\" \/>\n<script type=\"application\/ld+json\" class=\"yoast-schema-graph\">{\"@context\":\"https:\/\/schema.org\",\"@graph\":[{\"@type\":\"WebPage\",\"@id\":\"https:\/\/dorukulgen.com\/en\/magic-lesson-course\/\",\"url\":\"https:\/\/dorukulgen.com\/en\/magic-lesson-course\/\",\"name\":\"Magic Lessons and Course - Sihirbaz Doruk \u00dclgen\",\"isPartOf\":{\"@id\":\"https:\/\/dorukulgen.com\/#website\"},\"primaryImageOfPage\":{\"@id\":\"https:\/\/dorukulgen.com\/en\/magic-lesson-course\/#primaryimage\"},\"image\":{\"@id\":\"https:\/\/dorukulgen.com\/en\/magic-lesson-course\/#primaryimage\"},\"thumbnailUrl\":\"http:\/\/dorukulgen.com\/wp-content\/uploads\/2014\/05\/KURS-TANITIM-TASARIM-1024x730.png\",\"datePublished\":\"2014-05-04T16:33:07+00:00\",\"dateModified\":\"2019-10-19T08:07:25+00:00\",\"breadcrumb\":{\"@id\":\"https:\/\/dorukulgen.com\/en\/magic-lesson-course\/#breadcrumb\"},\"inLanguage\":\"en-US\",\"potentialAction\":[{\"@type\":\"ReadAction\",\"target\":[\"https:\/\/dorukulgen.com\/en\/magic-lesson-course\/\"]}]},{\"@type\":\"ImageObject\",\"inLanguage\":\"en-US\",\"@id\":\"https:\/\/dorukulgen.com\/en\/magic-lesson-course\/#primaryimage\",\"url\":\"http:\/\/dorukulgen.com\/wp-content\/uploads\/2014\/05\/KURS-TANITIM-TASARIM-1024x730.png\",\"contentUrl\":\"http:\/\/dorukulgen.com\/wp-content\/uploads\/2014\/05\/KURS-TANITIM-TASARIM-1024x730.png\"},{\"@type\":\"BreadcrumbList\",\"@id\":\"https:\/\/dorukulgen.com\/en\/magic-lesson-course\/#breadcrumb\",\"itemListElement\":[{\"@type\":\"ListItem\",\"position\":1,\"name\":\"Home\",\"item\":\"https:\/\/dorukulgen.com\/en\/\"},{\"@type\":\"ListItem\",\"position\":2,\"name\":\"Magic Lessons and Course\"}]},{\"@type\":\"WebSite\",\"@id\":\"https:\/\/dorukulgen.com\/#website\",\"url\":\"https:\/\/dorukulgen.com\/\",\"name\":\"Sihirbaz Doruk \u00dclgen\",\"description\":\"\u00dcnl\u00fc Sihirbaz \/ Mentalist Doruk \u00dclgen\",\"potentialAction\":[{\"@type\":\"SearchAction\",\"target\":{\"@type\":\"EntryPoint\",\"urlTemplate\":\"https:\/\/dorukulgen.com\/?s={search_term_string}\"},\"query-input\":{\"@type\":\"PropertyValueSpecification\",\"valueRequired\":true,\"valueName\":\"search_term_string\"}}],\"inLanguage\":\"en-US\"}]}<\/script>\n<!-- \/ Yoast SEO plugin. -->","yoast_head_json":{"title":"Magic Lessons and Course - Sihirbaz Doruk \u00dclgen","robots":{"index":"index","follow":"follow","max-snippet":"max-snippet:-1","max-image-preview":"max-image-preview:large","max-video-preview":"max-video-preview:-1"},"canonical":"https:\/\/dorukulgen.com\/en\/magic-lesson-course\/","og_locale":"en_US","og_type":"article","og_title":"Magic Lessons and Course - Sihirbaz Doruk \u00dclgen","og_description":"[vc_row][vc_column][vc_column_text] Turkey&#8217;s first and largest comprehensive arts wizardry platform Sihirci.com presents; How about a magical course where you will learn amazing shows by our international award-winning artist Doruk Ulgen, who has been given the Merlin Award by the World Magicians Association to the world famous names such as David Copperfield and Criss Angel. You will&hellip;","og_url":"https:\/\/dorukulgen.com\/en\/magic-lesson-course\/","og_site_name":"Sihirbaz Doruk \u00dclgen","article_publisher":"http:\/\/facebook.com\/dorukulgenfan","article_modified_time":"2019-10-19T08:07:25+00:00","og_image":[{"url":"http:\/\/dorukulgen.com\/wp-content\/uploads\/2014\/05\/KURS-TANITIM-TASARIM-1024x730.png","type":"","width":"","height":""}],"twitter_misc":{"Est. reading time":"2 minutes"},"schema":{"@context":"https:\/\/schema.org","@graph":[{"@type":"WebPage","@id":"https:\/\/dorukulgen.com\/en\/magic-lesson-course\/","url":"https:\/\/dorukulgen.com\/en\/magic-lesson-course\/","name":"Magic Lessons and Course - Sihirbaz Doruk \u00dclgen","isPartOf":{"@id":"https:\/\/dorukulgen.com\/#website"},"primaryImageOfPage":{"@id":"https:\/\/dorukulgen.com\/en\/magic-lesson-course\/#primaryimage"},"image":{"@id":"https:\/\/dorukulgen.com\/en\/magic-lesson-course\/#primaryimage"},"thumbnailUrl":"http:\/\/dorukulgen.com\/wp-content\/uploads\/2014\/05\/KURS-TANITIM-TASARIM-1024x730.png","datePublished":"2014-05-04T16:33:07+00:00","dateModified":"2019-10-19T08:07:25+00:00","breadcrumb":{"@id":"https:\/\/dorukulgen.com\/en\/magic-lesson-course\/#breadcrumb"},"inLanguage":"en-US","potentialAction":[{"@type":"ReadAction","target":["https:\/\/dorukulgen.com\/en\/magic-lesson-course\/"]}]},{"@type":"ImageObject","inLanguage":"en-US","@id":"https:\/\/dorukulgen.com\/en\/magic-lesson-course\/#primaryimage","url":"http:\/\/dorukulgen.com\/wp-content\/uploads\/2014\/05\/KURS-TANITIM-TASARIM-1024x730.png","contentUrl":"http:\/\/dorukulgen.com\/wp-content\/uploads\/2014\/05\/KURS-TANITIM-TASARIM-1024x730.png"},{"@type":"BreadcrumbList","@id":"https:\/\/dorukulgen.com\/en\/magic-lesson-course\/#breadcrumb","itemListElement":[{"@type":"ListItem","position":1,"name":"Home","item":"https:\/\/dorukulgen.com\/en\/"},{"@type":"ListItem","position":2,"name":"Magic Lessons and Course"}]},{"@type":"WebSite","@id":"https:\/\/dorukulgen.com\/#website","url":"https:\/\/dorukulgen.com\/","name":"Sihirbaz Doruk \u00dclgen","description":"\u00dcnl\u00fc Sihirbaz \/ Mentalist Doruk \u00dclgen","potentialAction":[{"@type":"SearchAction","target":{"@type":"EntryPoint","urlTemplate":"https:\/\/dorukulgen.com\/?s={search_term_string}"},"query-input":{"@type":"PropertyValueSpecification","valueRequired":true,"valueName":"search_term_string"}}],"inLanguage":"en-US"}]}},"_links":{"self":[{"href":"https:\/\/dorukulgen.com\/en\/wp-json\/wp\/v2\/pages\/22200","targetHints":{"allow":["GET"]}}],"collection":[{"href":"https:\/\/dorukulgen.com\/en\/wp-json\/wp\/v2\/pages"}],"about":[{"href":"https:\/\/dorukulgen.com\/en\/wp-json\/wp\/v2\/types\/page"}],"author":[{"embeddable":true,"href":"https:\/\/dorukulgen.com\/en\/wp-json\/wp\/v2\/users\/1"}],"replies":[{"embeddable":true,"href":"https:\/\/dorukulgen.com\/en\/wp-json\/wp\/v2\/comments?post=22200"}],"version-history":[{"count":0,"href":"https:\/\/dorukulgen.com\/en\/wp-json\/wp\/v2\/pages\/22200\/revisions"}],"wp:attachment":[{"href":"https:\/\/dorukulgen.com\/en\/wp-json\/wp\/v2\/media?parent=22200"}],"curies":[{"name":"wp","href":"https:\/\/api.w.org\/{rel}","templated":true}]}}