{"id":22198,"date":"2011-02-17T14:15:34","date_gmt":"2011-02-17T12:15:34","guid":{"rendered":"http:\/\/dorukulgen.com\/magic-book-dvd-set\/"},"modified":"2019-10-19T10:44:30","modified_gmt":"2019-10-19T07:44:30","slug":"magic-book-dvd-set","status":"publish","type":"page","link":"https:\/\/dorukulgen.com\/en\/magic-book-dvd-set\/","title":{"rendered":"Magic Book, Magic DVD and Magic Set"},"content":{"rendered":"<div class=\"wpb-content-wrapper\"><p>[vc_row][vc_column][vc_column_text]<\/p>\n<p style=\"text-align: center;\"><strong>\u00a0You can acquire the Magic book, Learn Magic DVD, and educative Magic Set of Doruk \u00dclgen along with hundreds of material from our shop <a title=\"Sihirci.com ! Sihir ile ilgili arayabileceginiz hersey !\" href=\"http:\/\/www.sihirci.com\" target=\"_blank\" rel=\"noopener noreferrer\"><em>Sihirci.com<\/em><\/a> !<\/strong><\/p>\n<h2 style=\"text-align: center;\">Learn Magic &#8211; Everyday Items &#8211; DVD<\/h2>\n<p>[\/vc_column_text][vc_empty_space height=&#8221;12px&#8221;][\/vc_column][\/vc_row][vc_row][vc_column width=&#8221;2\/3&#8243;][vc_column_text]<\/p>\n<div id=\"bk20\">\n<p style=\"text-align: center;\"><iframe src=\"https:\/\/www.youtube.com\/embed\/BQ_JbWI2mNE?rel=0&amp;showinfo=0\" width=\"640\" height=\"360\" frameborder=\"0\" allowfullscreen=\"allowfullscreen\"><\/iframe><\/p>\n<p style=\"text-align: center;\">Learn Magic DVD &#8211; Click to buy; <a href=\"http:\/\/sihirci.com\/\">sihirbazl\u0131k \u00f6\u011fren<\/a><\/p>\n<\/div>\n<p>[\/vc_column_text][\/vc_column][vc_column width=&#8221;1\/3&#8243;][vc_column_text]<\/p>\n<p>World best magician awarded Doruk \u00dclgen, explains in turkish and in detail, 20 tricks everyone can do but still effective, with everyday objects anytime anywhere. Everyone will be amazed by you !<\/p>\n<p>Easy to do<\/p>\n<p>Impressive<\/p>\n<p>Suitable for all ages<\/p>\n<p>[\/vc_column_text][\/vc_column][\/vc_row][vc_row][vc_column][vc_empty_space height=&#8221;22px&#8221;][vc_column_text]<\/p>\n<div id=\"bk20\">\n<h2><\/h2>\n<h2 style=\"text-align: center;\">Magic Book and Magic Set<\/h2>\n<\/div>\n<p style=\"text-align: justify;\">Written and prepated by Turkey&#8217;s best magician Doruk \u00dclgen, magic book and magic set is a great source for anyone interested in the art of magic. For signing days, seminar and similar organizations, contact us. <a title=\"G\u00f6steri Talebi\" href=\"http:\/\/dorukulgen.com\/en\/show-enquiry\/\" target=\"_blank\" rel=\"noopener noreferrer\">contact<\/a><\/p>\n<h2 style=\"text-align: center;\"><a href=\"..\/wp-content\/uploads\/2011\/02\/%C3%B6n-kapak-sihirbazlik-kitabi-doruk-%C3%BClgen.bmp\"><img decoding=\"async\" class=\"alignleft\" title=\"\u00f6n-kapak-sihirbazlik-kitabi-doruk-\u00fclgen\" src=\"..\/wp-content\/uploads\/2011\/02\/%C3%B6n-kapak-sihirbazlik-kitabi-doruk-%C3%BClgen.bmp\" alt=\"\" width=\"271\" height=\"388\" \/><\/a><span style=\"text-decoration: underline;\">Arka Kapak ( Kitab\u0131n a\u00e7\u0131klamas\u0131)<\/span><\/h2>\n<p style=\"text-align: justify;\">Doruk \u00dclgen T\u00fcrkiye\u2019nin en iyi sihirbaz\u0131 olarak g\u00f6steriliyor. Pek \u00e7ok sahne sanat\u0131n\u0131 uzmanca harmanlayarak yaratt\u0131\u011f\u0131 \u00f6zel g\u00f6steriler, performanslar d\u00fcnya standartlar\u0131nda olduk\u00e7a y\u00fcksek seviyelerde de\u011ferlendiriliyor. Doruk \u00dclgen kitapta alternatif sunum y\u00f6ntemleri ve varyasyonlar\u0131 ile birlikte yeni ba\u015flayan birinin rahatl\u0131kla \u00f6\u011frenip uygulayabilece\u011fi 30 tane birbirinden farkl\u0131 g\u00f6steri \u00f6\u011fretiyor, \u00f6\u011frendi\u011finiz tekniklerle ise dilerseniz y\u00fczlercesini kendiniz \u00fcretebileceksiniz.<\/p>\n<p style=\"text-align: justify;\">Bu kitapta Doruk \u00dclgen size g\u00fcndelik objelerle, k\u0131sa s\u00fcrede kolayl\u0131kla anlayabilece\u011finiz ve yapabilece\u011finiz etkileyici ill\u00fczyon g\u00f6sterilerinin s\u0131rlar\u0131n\u0131, tekniklerini ve en \u00f6nemlisi ba\u015far\u0131l\u0131 bir \u015fekilde yapabilmeniz i\u00e7in gerekli sunum \u015fekillerini, p\u00fcf noktalar\u0131n\u0131 anlat\u0131yor. Kitap her \u015feyin daha net ve kolay anla\u015f\u0131lmas\u0131 i\u00e7in \u00f6zel olarak \u00e7ekilen foto\u011fraflarla destekleniyor. Arkada\u015flar\u0131n\u0131z\u0131, ailenizi ve sevdiklerinizi \u015fa\u015f\u0131rtarak onlarla keyifli vakitler ge\u00e7irebilir, herkesin hep hat\u0131rlayaca\u011f\u0131 ve hayranl\u0131kla bakaca\u011f\u0131 anlar ya\u015fatabilirsiniz. \u00c7ok de\u011fil, bir hafta i\u00e7inde herkes sizin sihirbaz oldu\u011funuzu konu\u015fuyor olacak.<\/p>\n<p style=\"text-align: justify;\">Kitap sadece birka\u00e7 g\u00f6steri \u00f6\u011fretmekten \u00f6te, ill\u00fczyon sanat\u0131n\u0131n temelini, yap\u0131 ta\u015flar\u0131n\u0131, teorilerini, en \u00f6nemli \u00f6zelliklerini, kurallar\u0131n\u0131 ve inceliklerini de anlat\u0131yor. Bu kitab\u0131 okuyup, g\u00f6sterilerini seyirci kar\u015f\u0131s\u0131nda yapan biri ill\u00fczyon sanat\u0131n\u0131n bir \u015f\u00f6valyesi olmaya hak kazanm\u0131\u015f, ill\u00fczyon sanat\u0131n\u0131n ilkokulunu bitirmi\u015f olacakt\u0131r.<\/p>\n<p style=\"text-align: center;\">To buy magic book; <a href=\"http:\/\/sihirci.com\/\">sihirbazl\u0131k kitab\u0131<br \/>\n<\/a>To buy magic set; <a href=\"http:\/\/sihirci.com\/\">sihirbazl\u0131k seti<br \/>\n<\/a><\/p>\n<p style=\"text-align: justify;\"><span style=\"color: #ff0000;\">Book stores will have magic book but if they dont, just ask them to stock it for you.<\/span><\/p>\n<p>[\/vc_column_text][\/vc_column][\/vc_row]<\/p>\n<\/div>","protected":false},"excerpt":{"rendered":"<p>[vc_row][vc_column][vc_column_text] \u00a0You can acquire the Magic book, Learn Magic DVD, and educative Magic Set of Doruk \u00dclgen along with hundreds of material from our shop Sihirci.com ! Learn Magic &#8211; Everyday Items &#8211; DVD [\/vc_column_text][vc_empty_space height=&#8221;12px&#8221;][\/vc_column][\/vc_row][vc_row][vc_column width=&#8221;2\/3&#8243;][vc_column_text] Learn Magic DVD &#8211; Click to buy; sihirbazl\u0131k \u00f6\u011fren [\/vc_column_text][\/vc_column][vc_column width=&#8221;1\/3&#8243;][vc_column_text] World best magician awarded Doruk \u00dclgen, explains&hellip;<\/p>\n","protected":false},"author":1,"featured_media":0,"parent":0,"menu_order":5,"comment_status":"closed","ping_status":"closed","template":"","meta":{"footnotes":""},"class_list":["post-22198","page","type-page","status-publish","hentry","description-off"],"yoast_head":"<!-- This site is optimized with the Yoast SEO plugin v26.2 - https:\/\/yoast.com\/wordpress\/plugins\/seo\/ -->\n<title>Magic Book, Magic DVD and Magic Set - Sihirbaz Doruk \u00dclgen<\/title>\n<meta name=\"robots\" content=\"index, follow, max-snippet:-1, max-image-preview:large, max-video-preview:-1\" \/>\n<link rel=\"canonical\" href=\"https:\/\/dorukulgen.com\/en\/magic-book-dvd-set\/\" \/>\n<meta property=\"og:locale\" content=\"en_US\" \/>\n<meta property=\"og:type\" content=\"article\" \/>\n<meta property=\"og:title\" content=\"Magic Book, Magic DVD and Magic Set - Sihirbaz Doruk \u00dclgen\" \/>\n<meta property=\"og:description\" content=\"[vc_row][vc_column][vc_column_text] \u00a0You can acquire the Magic book, Learn Magic DVD, and educative Magic Set of Doruk \u00dclgen along with hundreds of material from our shop Sihirci.com ! Learn Magic &#8211; Everyday Items &#8211; DVD [\/vc_column_text][vc_empty_space height=&#8221;12px&#8221;][\/vc_column][\/vc_row][vc_row][vc_column width=&#8221;2\/3&#8243;][vc_column_text] Learn Magic DVD &#8211; Click to buy; sihirbazl\u0131k \u00f6\u011fren [\/vc_column_text][\/vc_column][vc_column width=&#8221;1\/3&#8243;][vc_column_text] World best magician awarded Doruk \u00dclgen, explains&hellip;\" \/>\n<meta property=\"og:url\" content=\"https:\/\/dorukulgen.com\/en\/magic-book-dvd-set\/\" \/>\n<meta property=\"og:site_name\" content=\"Sihirbaz Doruk \u00dclgen\" \/>\n<meta property=\"article:publisher\" content=\"http:\/\/facebook.com\/dorukulgenfan\" \/>\n<meta property=\"article:modified_time\" content=\"2019-10-19T07:44:30+00:00\" \/>\n<meta property=\"og:image\" content=\"http:\/\/..\/wp-content\/uploads\/2011\/02\/%C3%B6n-kapak-sihirbazlik-kitabi-doruk-%C3%BClgen.bmp\" \/>\n<meta name=\"twitter:label1\" content=\"Est. reading time\" \/>\n\t<meta name=\"twitter:data1\" content=\"2 minutes\" \/>\n<script type=\"application\/ld+json\" class=\"yoast-schema-graph\">{\"@context\":\"https:\/\/schema.org\",\"@graph\":[{\"@type\":\"WebPage\",\"@id\":\"https:\/\/dorukulgen.com\/en\/magic-book-dvd-set\/\",\"url\":\"https:\/\/dorukulgen.com\/en\/magic-book-dvd-set\/\",\"name\":\"Magic Book, Magic DVD and Magic Set - Sihirbaz Doruk \u00dclgen\",\"isPartOf\":{\"@id\":\"https:\/\/dorukulgen.com\/#website\"},\"datePublished\":\"2011-02-17T12:15:34+00:00\",\"dateModified\":\"2019-10-19T07:44:30+00:00\",\"breadcrumb\":{\"@id\":\"https:\/\/dorukulgen.com\/en\/magic-book-dvd-set\/#breadcrumb\"},\"inLanguage\":\"en-US\",\"potentialAction\":[{\"@type\":\"ReadAction\",\"target\":[\"https:\/\/dorukulgen.com\/en\/magic-book-dvd-set\/\"]}]},{\"@type\":\"BreadcrumbList\",\"@id\":\"https:\/\/dorukulgen.com\/en\/magic-book-dvd-set\/#breadcrumb\",\"itemListElement\":[{\"@type\":\"ListItem\",\"position\":1,\"name\":\"Home\",\"item\":\"https:\/\/dorukulgen.com\/en\/\"},{\"@type\":\"ListItem\",\"position\":2,\"name\":\"Magic Book, Magic DVD and Magic Set\"}]},{\"@type\":\"WebSite\",\"@id\":\"https:\/\/dorukulgen.com\/#website\",\"url\":\"https:\/\/dorukulgen.com\/\",\"name\":\"Sihirbaz Doruk \u00dclgen\",\"description\":\"\u00dcnl\u00fc Sihirbaz \/ Mentalist Doruk \u00dclgen\",\"potentialAction\":[{\"@type\":\"SearchAction\",\"target\":{\"@type\":\"EntryPoint\",\"urlTemplate\":\"https:\/\/dorukulgen.com\/?s={search_term_string}\"},\"query-input\":{\"@type\":\"PropertyValueSpecification\",\"valueRequired\":true,\"valueName\":\"search_term_string\"}}],\"inLanguage\":\"en-US\"}]}<\/script>\n<!-- \/ Yoast SEO plugin. -->","yoast_head_json":{"title":"Magic Book, Magic DVD and Magic Set - Sihirbaz Doruk \u00dclgen","robots":{"index":"index","follow":"follow","max-snippet":"max-snippet:-1","max-image-preview":"max-image-preview:large","max-video-preview":"max-video-preview:-1"},"canonical":"https:\/\/dorukulgen.com\/en\/magic-book-dvd-set\/","og_locale":"en_US","og_type":"article","og_title":"Magic Book, Magic DVD and Magic Set - Sihirbaz Doruk \u00dclgen","og_description":"[vc_row][vc_column][vc_column_text] \u00a0You can acquire the Magic book, Learn Magic DVD, and educative Magic Set of Doruk \u00dclgen along with hundreds of material from our shop Sihirci.com ! Learn Magic &#8211; Everyday Items &#8211; DVD [\/vc_column_text][vc_empty_space height=&#8221;12px&#8221;][\/vc_column][\/vc_row][vc_row][vc_column width=&#8221;2\/3&#8243;][vc_column_text] Learn Magic DVD &#8211; Click to buy; sihirbazl\u0131k \u00f6\u011fren [\/vc_column_text][\/vc_column][vc_column width=&#8221;1\/3&#8243;][vc_column_text] World best magician awarded Doruk \u00dclgen, explains&hellip;","og_url":"https:\/\/dorukulgen.com\/en\/magic-book-dvd-set\/","og_site_name":"Sihirbaz Doruk \u00dclgen","article_publisher":"http:\/\/facebook.com\/dorukulgenfan","article_modified_time":"2019-10-19T07:44:30+00:00","og_image":[{"url":"..\/wp-content\/uploads\/2011\/02\/%C3%B6n-kapak-sihirbazlik-kitabi-doruk-%C3%BClgen.bmp","type":"","width":"","height":""}],"twitter_misc":{"Est. reading time":"2 minutes"},"schema":{"@context":"https:\/\/schema.org","@graph":[{"@type":"WebPage","@id":"https:\/\/dorukulgen.com\/en\/magic-book-dvd-set\/","url":"https:\/\/dorukulgen.com\/en\/magic-book-dvd-set\/","name":"Magic Book, Magic DVD and Magic Set - Sihirbaz Doruk \u00dclgen","isPartOf":{"@id":"https:\/\/dorukulgen.com\/#website"},"datePublished":"2011-02-17T12:15:34+00:00","dateModified":"2019-10-19T07:44:30+00:00","breadcrumb":{"@id":"https:\/\/dorukulgen.com\/en\/magic-book-dvd-set\/#breadcrumb"},"inLanguage":"en-US","potentialAction":[{"@type":"ReadAction","target":["https:\/\/dorukulgen.com\/en\/magic-book-dvd-set\/"]}]},{"@type":"BreadcrumbList","@id":"https:\/\/dorukulgen.com\/en\/magic-book-dvd-set\/#breadcrumb","itemListElement":[{"@type":"ListItem","position":1,"name":"Home","item":"https:\/\/dorukulgen.com\/en\/"},{"@type":"ListItem","position":2,"name":"Magic Book, Magic DVD and Magic Set"}]},{"@type":"WebSite","@id":"https:\/\/dorukulgen.com\/#website","url":"https:\/\/dorukulgen.com\/","name":"Sihirbaz Doruk \u00dclgen","description":"\u00dcnl\u00fc Sihirbaz \/ Mentalist Doruk \u00dclgen","potentialAction":[{"@type":"SearchAction","target":{"@type":"EntryPoint","urlTemplate":"https:\/\/dorukulgen.com\/?s={search_term_string}"},"query-input":{"@type":"PropertyValueSpecification","valueRequired":true,"valueName":"search_term_string"}}],"inLanguage":"en-US"}]}},"_links":{"self":[{"href":"https:\/\/dorukulgen.com\/en\/wp-json\/wp\/v2\/pages\/22198","targetHints":{"allow":["GET"]}}],"collection":[{"href":"https:\/\/dorukulgen.com\/en\/wp-json\/wp\/v2\/pages"}],"about":[{"href":"https:\/\/dorukulgen.com\/en\/wp-json\/wp\/v2\/types\/page"}],"author":[{"embeddable":true,"href":"https:\/\/dorukulgen.com\/en\/wp-json\/wp\/v2\/users\/1"}],"replies":[{"embeddable":true,"href":"https:\/\/dorukulgen.com\/en\/wp-json\/wp\/v2\/comments?post=22198"}],"version-history":[{"count":0,"href":"https:\/\/dorukulgen.com\/en\/wp-json\/wp\/v2\/pages\/22198\/revisions"}],"wp:attachment":[{"href":"https:\/\/dorukulgen.com\/en\/wp-json\/wp\/v2\/media?parent=22198"}],"curies":[{"name":"wp","href":"https:\/\/api.w.org\/{rel}","templated":true}]}}