{"id":22197,"date":"2014-05-04T22:23:44","date_gmt":"2014-05-04T19:23:44","guid":{"rendered":"http:\/\/dorukulgen.com\/sihirci-com\/"},"modified":"2019-10-29T11:23:22","modified_gmt":"2019-10-29T08:23:22","slug":"sihirci-com","status":"publish","type":"page","link":"https:\/\/dorukulgen.com\/en\/sihirci-com\/","title":{"rendered":"Sihirci.com Magic Shop"},"content":{"rendered":"<p style=\"text-align: center;\"><strong>Doruk \u00dclgen founded the biggest magic platform in Turkey which hosts hundreds of props appealing to amateurs and professionals. By clicking the link below, you can start your journey to magical wonders.<br \/>\n<\/strong><\/p>\n<p style=\"text-align: center;\"><strong>\u00a0<\/strong><\/p>\n<p style=\"text-align: center;\"><a href=\"http:\/\/sihirci.com\">Click to go to Sihirci.com &#8216;<\/a><\/p>\n<p>&nbsp;<\/p>\n<p><a href=\"http:\/\/www.sihirci.com\" target=\"_blank\" rel=\"noopener noreferrer\"><img decoding=\"async\" class=\"aligncenter wp-image-4506 size-full\" src=\"http:\/\/dorukulgen.com\/wp-content\/uploads\/2014\/05\/sihirci-site-ic\u0327in-gorsel-copy.png\" alt=\"sihirci-site-ic\u0327in-gorsel-copy\" width=\"888\" height=\"663\" srcset=\"https:\/\/dorukulgen.com\/wp-content\/uploads\/2014\/05\/sihirci-site-ic\u0327in-gorsel-copy.png 888w, https:\/\/dorukulgen.com\/wp-content\/uploads\/2014\/05\/sihirci-site-ic\u0327in-gorsel-copy-300x223.png 300w\" sizes=\"(max-width: 888px) 100vw, 888px\" \/><\/a><\/p>\n","protected":false},"excerpt":{"rendered":"<p>Doruk \u00dclgen founded the biggest magic platform in Turkey which hosts hundreds of props appealing to amateurs and professionals. By clicking the link below, you can start your journey to magical wonders. \u00a0 Click to go to Sihirci.com &#8216; &nbsp;<\/p>\n","protected":false},"author":1,"featured_media":0,"parent":0,"menu_order":0,"comment_status":"closed","ping_status":"closed","template":"","meta":{"footnotes":""},"class_list":["post-22197","page","type-page","status-publish","hentry","description-off"],"yoast_head":"<!-- This site is optimized with the Yoast SEO plugin v26.2 - https:\/\/yoast.com\/wordpress\/plugins\/seo\/ -->\n<title>Sihirci.com Magic Shop - Sihirbaz Doruk \u00dclgen<\/title>\n<meta name=\"robots\" content=\"index, follow, max-snippet:-1, max-image-preview:large, max-video-preview:-1\" \/>\n<link rel=\"canonical\" href=\"https:\/\/dorukulgen.com\/en\/sihirci-com\/\" \/>\n<meta property=\"og:locale\" content=\"en_US\" \/>\n<meta property=\"og:type\" content=\"article\" \/>\n<meta property=\"og:title\" content=\"Sihirci.com Magic Shop - Sihirbaz Doruk \u00dclgen\" \/>\n<meta property=\"og:description\" content=\"Doruk \u00dclgen founded the biggest magic platform in Turkey which hosts hundreds of props appealing to amateurs and professionals. By clicking the link below, you can start your journey to magical wonders. \u00a0 Click to go to Sihirci.com &#8216; &nbsp;\" \/>\n<meta property=\"og:url\" content=\"https:\/\/dorukulgen.com\/en\/sihirci-com\/\" \/>\n<meta property=\"og:site_name\" content=\"Sihirbaz Doruk \u00dclgen\" \/>\n<meta property=\"article:publisher\" content=\"http:\/\/facebook.com\/dorukulgenfan\" \/>\n<meta property=\"article:modified_time\" content=\"2019-10-29T08:23:22+00:00\" \/>\n<meta property=\"og:image\" content=\"http:\/\/dorukulgen.com\/wp-content\/uploads\/2014\/05\/sihirci-site-ic\u0327in-gorsel-copy.png\" \/>\n<script type=\"application\/ld+json\" class=\"yoast-schema-graph\">{\"@context\":\"https:\/\/schema.org\",\"@graph\":[{\"@type\":\"WebPage\",\"@id\":\"https:\/\/dorukulgen.com\/en\/sihirci-com\/\",\"url\":\"https:\/\/dorukulgen.com\/en\/sihirci-com\/\",\"name\":\"Sihirci.com Magic Shop - Sihirbaz Doruk \u00dclgen\",\"isPartOf\":{\"@id\":\"https:\/\/dorukulgen.com\/#website\"},\"datePublished\":\"2014-05-04T19:23:44+00:00\",\"dateModified\":\"2019-10-29T08:23:22+00:00\",\"breadcrumb\":{\"@id\":\"https:\/\/dorukulgen.com\/en\/sihirci-com\/#breadcrumb\"},\"inLanguage\":\"en-US\",\"potentialAction\":[{\"@type\":\"ReadAction\",\"target\":[\"https:\/\/dorukulgen.com\/en\/sihirci-com\/\"]}]},{\"@type\":\"BreadcrumbList\",\"@id\":\"https:\/\/dorukulgen.com\/en\/sihirci-com\/#breadcrumb\",\"itemListElement\":[{\"@type\":\"ListItem\",\"position\":1,\"name\":\"Home\",\"item\":\"https:\/\/dorukulgen.com\/en\/\"},{\"@type\":\"ListItem\",\"position\":2,\"name\":\"Sihirci.com Magic Shop\"}]},{\"@type\":\"WebSite\",\"@id\":\"https:\/\/dorukulgen.com\/#website\",\"url\":\"https:\/\/dorukulgen.com\/\",\"name\":\"Sihirbaz Doruk \u00dclgen\",\"description\":\"\u00dcnl\u00fc Sihirbaz \/ Mentalist Doruk \u00dclgen\",\"potentialAction\":[{\"@type\":\"SearchAction\",\"target\":{\"@type\":\"EntryPoint\",\"urlTemplate\":\"https:\/\/dorukulgen.com\/?s={search_term_string}\"},\"query-input\":{\"@type\":\"PropertyValueSpecification\",\"valueRequired\":true,\"valueName\":\"search_term_string\"}}],\"inLanguage\":\"en-US\"}]}<\/script>\n<!-- \/ Yoast SEO plugin. -->","yoast_head_json":{"title":"Sihirci.com Magic Shop - Sihirbaz Doruk \u00dclgen","robots":{"index":"index","follow":"follow","max-snippet":"max-snippet:-1","max-image-preview":"max-image-preview:large","max-video-preview":"max-video-preview:-1"},"canonical":"https:\/\/dorukulgen.com\/en\/sihirci-com\/","og_locale":"en_US","og_type":"article","og_title":"Sihirci.com Magic Shop - Sihirbaz Doruk \u00dclgen","og_description":"Doruk \u00dclgen founded the biggest magic platform in Turkey which hosts hundreds of props appealing to amateurs and professionals. By clicking the link below, you can start your journey to magical wonders. \u00a0 Click to go to Sihirci.com &#8216; &nbsp;","og_url":"https:\/\/dorukulgen.com\/en\/sihirci-com\/","og_site_name":"Sihirbaz Doruk \u00dclgen","article_publisher":"http:\/\/facebook.com\/dorukulgenfan","article_modified_time":"2019-10-29T08:23:22+00:00","og_image":[{"url":"http:\/\/dorukulgen.com\/wp-content\/uploads\/2014\/05\/sihirci-site-ic\u0327in-gorsel-copy.png","type":"","width":"","height":""}],"schema":{"@context":"https:\/\/schema.org","@graph":[{"@type":"WebPage","@id":"https:\/\/dorukulgen.com\/en\/sihirci-com\/","url":"https:\/\/dorukulgen.com\/en\/sihirci-com\/","name":"Sihirci.com Magic Shop - Sihirbaz Doruk \u00dclgen","isPartOf":{"@id":"https:\/\/dorukulgen.com\/#website"},"datePublished":"2014-05-04T19:23:44+00:00","dateModified":"2019-10-29T08:23:22+00:00","breadcrumb":{"@id":"https:\/\/dorukulgen.com\/en\/sihirci-com\/#breadcrumb"},"inLanguage":"en-US","potentialAction":[{"@type":"ReadAction","target":["https:\/\/dorukulgen.com\/en\/sihirci-com\/"]}]},{"@type":"BreadcrumbList","@id":"https:\/\/dorukulgen.com\/en\/sihirci-com\/#breadcrumb","itemListElement":[{"@type":"ListItem","position":1,"name":"Home","item":"https:\/\/dorukulgen.com\/en\/"},{"@type":"ListItem","position":2,"name":"Sihirci.com Magic Shop"}]},{"@type":"WebSite","@id":"https:\/\/dorukulgen.com\/#website","url":"https:\/\/dorukulgen.com\/","name":"Sihirbaz Doruk \u00dclgen","description":"\u00dcnl\u00fc Sihirbaz \/ Mentalist Doruk \u00dclgen","potentialAction":[{"@type":"SearchAction","target":{"@type":"EntryPoint","urlTemplate":"https:\/\/dorukulgen.com\/?s={search_term_string}"},"query-input":{"@type":"PropertyValueSpecification","valueRequired":true,"valueName":"search_term_string"}}],"inLanguage":"en-US"}]}},"_links":{"self":[{"href":"https:\/\/dorukulgen.com\/en\/wp-json\/wp\/v2\/pages\/22197","targetHints":{"allow":["GET"]}}],"collection":[{"href":"https:\/\/dorukulgen.com\/en\/wp-json\/wp\/v2\/pages"}],"about":[{"href":"https:\/\/dorukulgen.com\/en\/wp-json\/wp\/v2\/types\/page"}],"author":[{"embeddable":true,"href":"https:\/\/dorukulgen.com\/en\/wp-json\/wp\/v2\/users\/1"}],"replies":[{"embeddable":true,"href":"https:\/\/dorukulgen.com\/en\/wp-json\/wp\/v2\/comments?post=22197"}],"version-history":[{"count":0,"href":"https:\/\/dorukulgen.com\/en\/wp-json\/wp\/v2\/pages\/22197\/revisions"}],"wp:attachment":[{"href":"https:\/\/dorukulgen.com\/en\/wp-json\/wp\/v2\/media?parent=22197"}],"curies":[{"name":"wp","href":"https:\/\/api.w.org\/{rel}","templated":true}]}}