{"id":22195,"date":"2014-03-18T18:24:10","date_gmt":"2014-03-18T16:24:10","guid":{"rendered":"http:\/\/dorukulgen.com\/faq\/"},"modified":"2019-10-18T20:17:19","modified_gmt":"2019-10-18T17:17:19","slug":"faq","status":"publish","type":"page","link":"https:\/\/dorukulgen.com\/en\/faq\/","title":{"rendered":"Frequently Asked Questions"},"content":{"rendered":"<div class=\"wpb-content-wrapper\"><p>[vc_row bg_type=&#8221;image&#8221; parallax_style=&#8221;vcpb-vz-jquery&#8221; bg_image_new=&#8221;id^1616|url^https:\/\/the7.io\/creative\/wp-content\/uploads\/sites\/3\/2014\/03\/fancyblue.gif|caption^null|alt^null|title^fancyblue|description^null&#8221; bg_image_repeat=&#8221;no-repeat&#8221; bg_override=&#8221;ex-full&#8221; type=&#8221;vc_default&#8221; margin_top=&#8221;-50&#8243; css=&#8221;.vc_custom_1526058734710{padding-top: 10% !important;padding-bottom: 10% !important;background-color: #0b5482 !important;}&#8221;][vc_column offset=&#8221;vc_col-lg-12 vc_col-md-12&#8243; css=&#8221;.vc_custom_1526058727711{padding-top: 100px !important;padding-bottom: 20px !important;}&#8221;]<div id=\"ultimate-heading-777269f485f0e45aa\" class=\"uvc-heading ult-adjust-bottom-margin ultimate-heading-777269f485f0e45aa uvc-9481 accent-subtitle-color\" data-hspacer=\"no_spacer\"  data-halign=\"center\" style=\"text-align:center\"><div class=\"uvc-heading-spacer no_spacer\" style=\"top\"><\/div><div class=\"uvc-main-heading ult-responsive\"  data-ultimate-target='.uvc-heading.ultimate-heading-777269f485f0e45aa h2'  data-responsive-json-new='{\"font-size\":\"desktop:70px;mobile_landscape:30px;\",\"line-height\":\"desktop:80px;mobile_landscape:40px;\"}' ><h2 style=\"font-weight:normal;color:#ffffff;\">Frequently Asked Questions<\/h2><\/div><div class=\"uvc-sub-heading ult-responsive\"  data-ultimate-target='.uvc-heading.ultimate-heading-777269f485f0e45aa .uvc-sub-heading '  data-responsive-json-new='{\"font-size\":\"desktop:40px;mobile_landscape:22px;\",\"line-height\":\"desktop:50px;mobile_landscape:32px;\"}'  style=\"font-family:&#039;Roboto&#039;;font-weight:normal;color:#ffffff;margin-top:10px;margin-bottom:25px;\">If your question is not here, its a special one ! \ud83d\ude42<\/div><\/div>[\/vc_column][\/vc_row][vc_row type=&#8221;vc_default&#8221; margin_top=&#8221;0&#8243; margin_bottom=&#8221;-50&#8243; css=&#8221;.vc_custom_1554728031823{padding-top: 15px !important;padding-bottom: 15px !important;}&#8221;][vc_column offset=&#8221;vc_col-xs-12&#8243;][vc_column_text]<\/p>\n<h3 class=\"title\">Answers to questions that are frequently asked to famous illusionist Doruk Ulgen<\/h3>\n<p>This pages purpose is to give answers to those who are curious and for press to obtain answers to basic questions.[\/vc_column_text][\/vc_column][\/vc_row][vc_row type=&#8221;vc_default&#8221; margin_top=&#8221;0&#8243; margin_bottom=&#8221;-50&#8243; css=&#8221;.vc_custom_1490277474311{padding-top: 70px !important;padding-bottom: 70px !important;}&#8221;][vc_column offset=&#8221;vc_col-lg-offset-2 vc_col-lg-8 vc_col-md-offset-1 vc_col-md-10 vc_col-xs-12&#8243;][vc_accordion active_tab=&#8221;false&#8221; collapsible=&#8221;yes&#8221; style=&#8221;2&#8243;][vc_accordion_tab title=&#8221;How did you become a magician \/ mentalist ?&#8221;][vc_column_text]<\/p>\n<p>By wanting it. It may sound like a simple answer but its not. In theory, its a long stort yell but practically its even longer. To understand the philosophy of this art is not possible in a few sentences. It chose me, not did I, started out as a hobby and it grew. I havent quit it a single day since we met.<\/p>\n<p>[\/vc_column_text][\/vc_accordion_tab][vc_accordion_tab title=&#8221;Why did you become a magician \/ mentalist ?&#8221;][vc_column_text]<\/p>\n<p>It is the closest thing that makes me feel satisfied. Illusion is a very complex art, you can improve yourself in many areas all the time.<\/p>\n<p>[\/vc_column_text][\/vc_accordion_tab][vc_accordion_tab title=&#8221;Can I be an illusionist ?&#8221;][vc_column_text]<\/p>\n<p>If you work a lot and like it, yes but if you really wanted it, you would be asking me another question.<\/p>\n<p>[\/vc_column_text][\/vc_accordion_tab][vc_accordion_tab title=&#8221;Is there a school to be an illusionist ?&#8221;][vc_column_text]<\/p>\n<p>Not in Turkey, but there are in some countries. However I do give private lessons and special courses teaching the art of magic. You can find details in my website. Actually there is even a one lesson course that you finish learning doing 10 impressive tricks with everyday items !<\/p>\n<p>[\/vc_column_text][\/vc_accordion_tab][vc_accordion_tab title=&#8221;Do you have supernatural powers or is everything an illusion ?&#8221;][vc_column_text]<\/p>\n<p>If I had supernatural powers, I would not be a part of this nature.But I can tell you this; half of what I do is real (things you dont know) and half of it is illusion. I will not tell what is in what half.<\/p>\n<p>[\/vc_column_text][\/vc_accordion_tab][vc_accordion_tab title=&#8221;Does animals get hurt in your shows ?&#8221;][vc_column_text]<\/p>\n<p>Absolutely not ! Do i look cruel ? As a person who abides by ethics of this profession, one of my golden rules is never harming animals or any living creature. Actually any illusion i perform with a human or animal is designed spesificly for their comfort and safety.<\/p>\n<p>[\/vc_column_text][\/vc_accordion_tab][vc_accordion_tab title=&#8221;Can you tell me the secret to X trick ?&#8221;][vc_column_text]<\/p>\n<p>It will not make you happy to know, trust me.<\/p>\n<p>[\/vc_column_text][\/vc_accordion_tab][vc_accordion_tab title=&#8221;You are not going to reveal any secrets ?&#8221;][vc_column_text]<\/p>\n<p>Secret will not impress anyone, it dissapoints. To have art evolve, knowledge must be passed on with wisdom. This means &#8216;how did you do that&#8217;, &#8216;can you teach me something&#8217;, &#8216;how does this work&#8217; questions will not be answered. To get an answer, question needs to be asked in the right time, by the right person with the right intentions.<\/p>\n<p>[\/vc_column_text][\/vc_accordion_tab][vc_accordion_tab title=&#8221;Do you have a role model ?&#8221;][vc_column_text]<\/p>\n<p>I believe in uniqueness in art so no examples for me but this does not mean i dont like anyone.<\/p>\n<p>[\/vc_column_text][\/vc_accordion_tab][vc_accordion_tab title=&#8221;How often do you use technology ?&#8221;][vc_column_text]<\/p>\n<p>We are not scientists but we do use technology and science a lot. Most of the time magic pioneers new tech but products of our mind are majority.<\/p>\n<p>[\/vc_column_text][\/vc_accordion_tab][vc_accordion_tab title=&#8221;How much work does this art take per day from you?&#8221;][vc_column_text]<\/p>\n<p>More you work, better you get. I improve my self all the time, not just phisically but also mentally.<\/p>\n<p>[\/vc_column_text][\/vc_accordion_tab][vc_accordion_tab title=&#8221;Does illusion need any special talent?&#8221;][vc_column_text]<\/p>\n<p>This is a combination of many talents, everyone has different results. Magic has different branches in it, and you find your self on the way.<\/p>\n<p>[\/vc_column_text][\/vc_accordion_tab][vc_accordion_tab title=&#8221;What would you suggest to those who want to start this art ?&#8221;][vc_column_text]<\/p>\n<p>Get my book and dvd, start working. If you want to take it to next level, our shop <a href=\"http:\/\/sihirci.com\">sihirci.com<\/a> has many more resources. You can also take private lessons from me. Just start&#8230;<\/p>\n<p>[\/vc_column_text][\/vc_accordion_tab][vc_accordion_tab title=&#8221;What do you think about this arts level in Turkey ?&#8221;][vc_column_text]<\/p>\n<p>There are many professional magicians out there but artistically there is very little. There is also very few who are technically good. Again same with show qualities. I think this is more because of our country, unfortunately we are not a country that thrives in art.<\/p>\n<p>[\/vc_column_text][\/vc_accordion_tab][vc_accordion_tab title=&#8221;Does people make interesting wishes to you ?&#8221;][vc_column_text]<\/p>\n<p>Yes, especially kids. Even tough I can not make them happen, its nice to hear peoples dreams. What they actually want is just to share.<\/p>\n<p>[\/vc_column_text][\/vc_accordion_tab][vc_accordion_tab title=&#8221;Do you plan to continue this art forever ?&#8221;][vc_column_text]<\/p>\n<p>I like many things but magic, I havent quit for a single day so yes, i will. I have other things that i want to do artistically but magic will be there.<\/p>\n<p>[\/vc_column_text][\/vc_accordion_tab][vc_accordion_tab title=&#8221;Whats your most impressive trick ?&#8221;][vc_column_text]<\/p>\n<p>To impress myself, thats really hard.<\/p>\n<p>[\/vc_column_text][\/vc_accordion_tab][\/vc_accordion][\/vc_column][\/vc_row][vc_row equal_height=&#8221;yes&#8221; bg_type=&#8221;image&#8221; parallax_style=&#8221;vcpb-default&#8221; bg_image_new=&#8221;id^1690|url^https:\/\/the7.io\/creative\/wp-content\/uploads\/sites\/3\/2014\/03\/skin05r.stripes-stripe-1-bg-image.gif|caption^null|alt^null|title^skin05r.stripes-stripe-1-bg-image|description^null&#8221; bg_image_size=&#8221;initial&#8221; bg_override=&#8221;ex-full&#8221; type=&#8221;vc_default&#8221; margin_top=&#8221;0&#8243; margin_bottom=&#8221;-40&#8243; css=&#8221;.vc_custom_1490276314939{padding-top: 70px !important;padding-bottom: 25px !important;background-color: #f3f4f4 !important;}&#8221;][vc_column width=&#8221;2\/3&#8243; offset=&#8221;vc_col-lg-offset-2 vc_col-lg-8 vc_col-md-offset-2 vc_col-md-8 vc_col-sm-offset-2 vc_col-xs-12&#8243; css=&#8221;.vc_custom_1490276756183{margin-bottom: 40px !important;}&#8221;]<div id=\"ultimate-heading-479669f485f0e4630\" class=\"uvc-heading ult-adjust-bottom-margin ultimate-heading-479669f485f0e4630 uvc-9108 accent-border-color\" data-hspacer=\"line_only\"  data-halign=\"center\" style=\"text-align:center\"><div class=\"uvc-main-heading ult-responsive\"  data-ultimate-target='.uvc-heading.ultimate-heading-479669f485f0e4630 h2'  data-responsive-json-new='{\"font-size\":\"desktop:40px;\",\"line-height\":\"desktop:50px;\"}' ><h2 style=\"font-weight:normal;margin-bottom:15px;\">Free to ask !<\/h2><\/div><div class=\"uvc-heading-spacer line_only\" style=\"margin-bottom:40px;height:4px;\"><span class=\"uvc-headings-line\" style=\"border-style:solid;border-bottom-width:4px;border-color:#ccc;width:120px;\"><\/span><\/div><\/div>[vc_column_text css=&#8221;.vc_custom_1554727586983{padding-bottom: 45px !important;}&#8221;]<\/p>\n<p style=\"text-align: center;\">Questions you ask will be answered and added here if they are frequently asked.<\/p>\n<p>[\/vc_column_text]<form class=\"dt-contact-form dt-form\" method=\"post\"><input type=\"hidden\" name=\"widget_id\" value=\"presscore-contact-form-widget--1\" \/><input type=\"hidden\" name=\"send_message\" value=\"\" \/><input type=\"hidden\" name=\"security_token\" value=\"5bf9104753df94416a76\"\/><div class=\"form-fields\"><span class=\"form-name\"><label class=\"assistive-text\">Name *<\/label><input type=\"text\" class=\"validate[required]\" placeholder=\"Name *\" name=\"name\" value=\"\" aria-required=\"true\">\n<\/span><span class=\"form-mail\"><label class=\"assistive-text\">E-mail *<\/label><input type=\"text\" class=\"validate[required,custom[email]]\" placeholder=\"E-mail *\" name=\"email\" value=\"\" aria-required=\"true\">\n<\/span><span class=\"form-telephone\"><label class=\"assistive-text\">Telephone<\/label><input type=\"text\" placeholder=\"Telephone\" name=\"telephone\" value=\"\" aria-required=\"false\">\n<\/span><\/div><span class=\"form-message\"><label class=\"assistive-text\">Message *<\/label><textarea class=\"validate[required]\" placeholder=\"Message *\" name=\"message\" rows=\"5\" aria-required=\"true\"><\/textarea>\n<\/span><p><a href=\"#\" class=\"dt-btn dt-btn-m dt-btn-submit\" rel=\"nofollow\"><span>Ask it<\/span><\/a><input class=\"assistive-text\" type=\"submit\" value=\"submit\"><\/p><\/form>\n[\/vc_column][\/vc_row]<\/p>\n<\/div>","protected":false},"excerpt":{"rendered":"<p>[vc_row bg_type=&#8221;image&#8221; parallax_style=&#8221;vcpb-vz-jquery&#8221; bg_image_new=&#8221;id^1616|url^https:\/\/the7.io\/creative\/wp-content\/uploads\/sites\/3\/2014\/03\/fancyblue.gif|caption^null|alt^null|title^fancyblue|description^null&#8221; bg_image_repeat=&#8221;no-repeat&#8221; bg_override=&#8221;ex-full&#8221; type=&#8221;vc_default&#8221; margin_top=&#8221;-50&#8243; css=&#8221;.vc_custom_1526058734710{padding-top: 10% !important;padding-bottom: 10% !important;background-color: #0b5482 !important;}&#8221;][vc_column offset=&#8221;vc_col-lg-12 vc_col-md-12&#8243; css=&#8221;.vc_custom_1526058727711{padding-top: 100px !important;padding-bottom: 20px !important;}&#8221;][\/vc_column][\/vc_row][vc_row type=&#8221;vc_default&#8221; margin_top=&#8221;0&#8243; margin_bottom=&#8221;-50&#8243; css=&#8221;.vc_custom_1554728031823{padding-top: 15px !important;padding-bottom: 15px !important;}&#8221;][vc_column offset=&#8221;vc_col-xs-12&#8243;][vc_column_text] Answers to questions that are frequently asked to famous illusionist Doruk Ulgen This pages purpose is to give answers to those who are curious&hellip;<\/p>\n","protected":false},"author":1,"featured_media":0,"parent":0,"menu_order":52,"comment_status":"closed","ping_status":"closed","template":"","meta":{"footnotes":""},"class_list":["post-22195","page","type-page","status-publish","hentry","description-off"],"yoast_head":"<!-- This site is optimized with the Yoast SEO plugin v26.2 - https:\/\/yoast.com\/wordpress\/plugins\/seo\/ -->\n<title>Frequently Asked Questions - Sihirbaz Doruk \u00dclgen<\/title>\n<meta name=\"robots\" content=\"index, follow, max-snippet:-1, max-image-preview:large, max-video-preview:-1\" \/>\n<link rel=\"canonical\" href=\"https:\/\/dorukulgen.com\/en\/faq\/\" \/>\n<meta property=\"og:locale\" content=\"en_US\" \/>\n<meta property=\"og:type\" content=\"article\" \/>\n<meta property=\"og:title\" content=\"Frequently Asked Questions - Sihirbaz Doruk \u00dclgen\" \/>\n<meta property=\"og:description\" content=\"[vc_row bg_type=&#8221;image&#8221; parallax_style=&#8221;vcpb-vz-jquery&#8221; bg_image_new=&#8221;id^1616|url^https:\/\/the7.io\/creative\/wp-content\/uploads\/sites\/3\/2014\/03\/fancyblue.gif|caption^null|alt^null|title^fancyblue|description^null&#8221; bg_image_repeat=&#8221;no-repeat&#8221; bg_override=&#8221;ex-full&#8221; type=&#8221;vc_default&#8221; margin_top=&#8221;-50&#8243; css=&#8221;.vc_custom_1526058734710{padding-top: 10% !important;padding-bottom: 10% !important;background-color: #0b5482 !important;}&#8221;][vc_column offset=&#8221;vc_col-lg-12 vc_col-md-12&#8243; css=&#8221;.vc_custom_1526058727711{padding-top: 100px !important;padding-bottom: 20px !important;}&#8221;][\/vc_column][\/vc_row][vc_row type=&#8221;vc_default&#8221; margin_top=&#8221;0&#8243; margin_bottom=&#8221;-50&#8243; css=&#8221;.vc_custom_1554728031823{padding-top: 15px !important;padding-bottom: 15px !important;}&#8221;][vc_column offset=&#8221;vc_col-xs-12&#8243;][vc_column_text] Answers to questions that are frequently asked to famous illusionist Doruk Ulgen This pages purpose is to give answers to those who are curious&hellip;\" \/>\n<meta property=\"og:url\" content=\"https:\/\/dorukulgen.com\/en\/faq\/\" \/>\n<meta property=\"og:site_name\" content=\"Sihirbaz Doruk \u00dclgen\" \/>\n<meta property=\"article:publisher\" content=\"http:\/\/facebook.com\/dorukulgenfan\" \/>\n<meta property=\"article:modified_time\" content=\"2019-10-18T17:17:19+00:00\" \/>\n<meta name=\"twitter:label1\" content=\"Est. reading time\" \/>\n\t<meta name=\"twitter:data1\" content=\"7 minutes\" \/>\n<script type=\"application\/ld+json\" class=\"yoast-schema-graph\">{\"@context\":\"https:\/\/schema.org\",\"@graph\":[{\"@type\":\"WebPage\",\"@id\":\"https:\/\/dorukulgen.com\/en\/faq\/\",\"url\":\"https:\/\/dorukulgen.com\/en\/faq\/\",\"name\":\"Frequently Asked Questions - Sihirbaz Doruk \u00dclgen\",\"isPartOf\":{\"@id\":\"https:\/\/dorukulgen.com\/#website\"},\"datePublished\":\"2014-03-18T16:24:10+00:00\",\"dateModified\":\"2019-10-18T17:17:19+00:00\",\"breadcrumb\":{\"@id\":\"https:\/\/dorukulgen.com\/en\/faq\/#breadcrumb\"},\"inLanguage\":\"en-US\",\"potentialAction\":[{\"@type\":\"ReadAction\",\"target\":[\"https:\/\/dorukulgen.com\/en\/faq\/\"]}]},{\"@type\":\"BreadcrumbList\",\"@id\":\"https:\/\/dorukulgen.com\/en\/faq\/#breadcrumb\",\"itemListElement\":[{\"@type\":\"ListItem\",\"position\":1,\"name\":\"Home\",\"item\":\"https:\/\/dorukulgen.com\/en\/\"},{\"@type\":\"ListItem\",\"position\":2,\"name\":\"Frequently Asked Questions\"}]},{\"@type\":\"WebSite\",\"@id\":\"https:\/\/dorukulgen.com\/#website\",\"url\":\"https:\/\/dorukulgen.com\/\",\"name\":\"Sihirbaz Doruk \u00dclgen\",\"description\":\"\u00dcnl\u00fc Sihirbaz \/ Mentalist Doruk \u00dclgen\",\"potentialAction\":[{\"@type\":\"SearchAction\",\"target\":{\"@type\":\"EntryPoint\",\"urlTemplate\":\"https:\/\/dorukulgen.com\/?s={search_term_string}\"},\"query-input\":{\"@type\":\"PropertyValueSpecification\",\"valueRequired\":true,\"valueName\":\"search_term_string\"}}],\"inLanguage\":\"en-US\"}]}<\/script>\n<!-- \/ Yoast SEO plugin. -->","yoast_head_json":{"title":"Frequently Asked Questions - Sihirbaz Doruk \u00dclgen","robots":{"index":"index","follow":"follow","max-snippet":"max-snippet:-1","max-image-preview":"max-image-preview:large","max-video-preview":"max-video-preview:-1"},"canonical":"https:\/\/dorukulgen.com\/en\/faq\/","og_locale":"en_US","og_type":"article","og_title":"Frequently Asked Questions - Sihirbaz Doruk \u00dclgen","og_description":"[vc_row bg_type=&#8221;image&#8221; parallax_style=&#8221;vcpb-vz-jquery&#8221; bg_image_new=&#8221;id^1616|url^https:\/\/the7.io\/creative\/wp-content\/uploads\/sites\/3\/2014\/03\/fancyblue.gif|caption^null|alt^null|title^fancyblue|description^null&#8221; bg_image_repeat=&#8221;no-repeat&#8221; bg_override=&#8221;ex-full&#8221; type=&#8221;vc_default&#8221; margin_top=&#8221;-50&#8243; css=&#8221;.vc_custom_1526058734710{padding-top: 10% !important;padding-bottom: 10% !important;background-color: #0b5482 !important;}&#8221;][vc_column offset=&#8221;vc_col-lg-12 vc_col-md-12&#8243; css=&#8221;.vc_custom_1526058727711{padding-top: 100px !important;padding-bottom: 20px !important;}&#8221;][\/vc_column][\/vc_row][vc_row type=&#8221;vc_default&#8221; margin_top=&#8221;0&#8243; margin_bottom=&#8221;-50&#8243; css=&#8221;.vc_custom_1554728031823{padding-top: 15px !important;padding-bottom: 15px !important;}&#8221;][vc_column offset=&#8221;vc_col-xs-12&#8243;][vc_column_text] Answers to questions that are frequently asked to famous illusionist Doruk Ulgen This pages purpose is to give answers to those who are curious&hellip;","og_url":"https:\/\/dorukulgen.com\/en\/faq\/","og_site_name":"Sihirbaz Doruk \u00dclgen","article_publisher":"http:\/\/facebook.com\/dorukulgenfan","article_modified_time":"2019-10-18T17:17:19+00:00","twitter_misc":{"Est. reading time":"7 minutes"},"schema":{"@context":"https:\/\/schema.org","@graph":[{"@type":"WebPage","@id":"https:\/\/dorukulgen.com\/en\/faq\/","url":"https:\/\/dorukulgen.com\/en\/faq\/","name":"Frequently Asked Questions - Sihirbaz Doruk \u00dclgen","isPartOf":{"@id":"https:\/\/dorukulgen.com\/#website"},"datePublished":"2014-03-18T16:24:10+00:00","dateModified":"2019-10-18T17:17:19+00:00","breadcrumb":{"@id":"https:\/\/dorukulgen.com\/en\/faq\/#breadcrumb"},"inLanguage":"en-US","potentialAction":[{"@type":"ReadAction","target":["https:\/\/dorukulgen.com\/en\/faq\/"]}]},{"@type":"BreadcrumbList","@id":"https:\/\/dorukulgen.com\/en\/faq\/#breadcrumb","itemListElement":[{"@type":"ListItem","position":1,"name":"Home","item":"https:\/\/dorukulgen.com\/en\/"},{"@type":"ListItem","position":2,"name":"Frequently Asked Questions"}]},{"@type":"WebSite","@id":"https:\/\/dorukulgen.com\/#website","url":"https:\/\/dorukulgen.com\/","name":"Sihirbaz Doruk \u00dclgen","description":"\u00dcnl\u00fc Sihirbaz \/ Mentalist Doruk \u00dclgen","potentialAction":[{"@type":"SearchAction","target":{"@type":"EntryPoint","urlTemplate":"https:\/\/dorukulgen.com\/?s={search_term_string}"},"query-input":{"@type":"PropertyValueSpecification","valueRequired":true,"valueName":"search_term_string"}}],"inLanguage":"en-US"}]}},"_links":{"self":[{"href":"https:\/\/dorukulgen.com\/en\/wp-json\/wp\/v2\/pages\/22195","targetHints":{"allow":["GET"]}}],"collection":[{"href":"https:\/\/dorukulgen.com\/en\/wp-json\/wp\/v2\/pages"}],"about":[{"href":"https:\/\/dorukulgen.com\/en\/wp-json\/wp\/v2\/types\/page"}],"author":[{"embeddable":true,"href":"https:\/\/dorukulgen.com\/en\/wp-json\/wp\/v2\/users\/1"}],"replies":[{"embeddable":true,"href":"https:\/\/dorukulgen.com\/en\/wp-json\/wp\/v2\/comments?post=22195"}],"version-history":[{"count":0,"href":"https:\/\/dorukulgen.com\/en\/wp-json\/wp\/v2\/pages\/22195\/revisions"}],"wp:attachment":[{"href":"https:\/\/dorukulgen.com\/en\/wp-json\/wp\/v2\/media?parent=22195"}],"curies":[{"name":"wp","href":"https:\/\/api.w.org\/{rel}","templated":true}]}}