{"id":22189,"date":"2014-02-16T14:21:18","date_gmt":"2014-02-16T12:21:18","guid":{"rendered":"http:\/\/dorukulgen.com\/media\/"},"modified":"2019-10-18T16:56:10","modified_gmt":"2019-10-18T13:56:10","slug":"media","status":"publish","type":"page","link":"https:\/\/dorukulgen.com\/en\/media\/","title":{"rendered":"Media"},"content":{"rendered":"<div class=\"wpb-content-wrapper\"><p>[vc_row][vc_column][vc_column_text]<\/p>\n<h2 style=\"text-align: center;\">Doruk \u00dclgensah been on stage since childhood, its really impossible to archive and edit countless videos. Also to protect most of the shows from being copied and to present our audience a special show, we dont share a lot on purpose.<\/h2>\n<h2 style=\"text-align: center;\">However we do share some stuff for every taste in our youtube channel, check it out:<\/h2>\n<p style=\"text-align: center;\">.<\/p>\n<h2 style=\"text-align: center;\"><a href=\"http:\/\/youtube.com\/dorukulgen\">youtube.com\/dorukulgen<\/a><\/h2>\n<p>[\/vc_column_text][\/vc_column][\/vc_row]<\/p>\n<\/div>","protected":false},"excerpt":{"rendered":"<p>[vc_row][vc_column][vc_column_text] Doruk \u00dclgensah been on stage since childhood, its really impossible to archive and edit countless videos. Also to protect most of the shows from being copied and to present our audience a special show, we dont share a lot on purpose. However we do share some stuff for every taste in our youtube channel,&hellip;<\/p>\n","protected":false},"author":1,"featured_media":0,"parent":0,"menu_order":0,"comment_status":"closed","ping_status":"closed","template":"","meta":{"footnotes":""},"class_list":["post-22189","page","type-page","status-publish","hentry","description-off"],"yoast_head":"<!-- This site is optimized with the Yoast SEO plugin v26.2 - https:\/\/yoast.com\/wordpress\/plugins\/seo\/ -->\n<title>Media - Sihirbaz Doruk \u00dclgen<\/title>\n<meta name=\"robots\" content=\"index, follow, max-snippet:-1, max-image-preview:large, max-video-preview:-1\" \/>\n<link rel=\"canonical\" href=\"https:\/\/dorukulgen.com\/en\/media\/\" \/>\n<meta property=\"og:locale\" content=\"en_US\" \/>\n<meta property=\"og:type\" content=\"article\" \/>\n<meta property=\"og:title\" content=\"Media - Sihirbaz Doruk \u00dclgen\" \/>\n<meta property=\"og:description\" content=\"[vc_row][vc_column][vc_column_text] Doruk \u00dclgensah been on stage since childhood, its really impossible to archive and edit countless videos. Also to protect most of the shows from being copied and to present our audience a special show, we dont share a lot on purpose. However we do share some stuff for every taste in our youtube channel,&hellip;\" \/>\n<meta property=\"og:url\" content=\"https:\/\/dorukulgen.com\/en\/media\/\" \/>\n<meta property=\"og:site_name\" content=\"Sihirbaz Doruk \u00dclgen\" \/>\n<meta property=\"article:publisher\" content=\"http:\/\/facebook.com\/dorukulgenfan\" \/>\n<meta property=\"article:modified_time\" content=\"2019-10-18T13:56:10+00:00\" \/>\n<script type=\"application\/ld+json\" class=\"yoast-schema-graph\">{\"@context\":\"https:\/\/schema.org\",\"@graph\":[{\"@type\":\"WebPage\",\"@id\":\"https:\/\/dorukulgen.com\/en\/media\/\",\"url\":\"https:\/\/dorukulgen.com\/en\/media\/\",\"name\":\"Media - Sihirbaz Doruk \u00dclgen\",\"isPartOf\":{\"@id\":\"https:\/\/dorukulgen.com\/#website\"},\"datePublished\":\"2014-02-16T12:21:18+00:00\",\"dateModified\":\"2019-10-18T13:56:10+00:00\",\"breadcrumb\":{\"@id\":\"https:\/\/dorukulgen.com\/en\/media\/#breadcrumb\"},\"inLanguage\":\"en-US\",\"potentialAction\":[{\"@type\":\"ReadAction\",\"target\":[\"https:\/\/dorukulgen.com\/en\/media\/\"]}]},{\"@type\":\"BreadcrumbList\",\"@id\":\"https:\/\/dorukulgen.com\/en\/media\/#breadcrumb\",\"itemListElement\":[{\"@type\":\"ListItem\",\"position\":1,\"name\":\"Home\",\"item\":\"https:\/\/dorukulgen.com\/en\/\"},{\"@type\":\"ListItem\",\"position\":2,\"name\":\"Media\"}]},{\"@type\":\"WebSite\",\"@id\":\"https:\/\/dorukulgen.com\/#website\",\"url\":\"https:\/\/dorukulgen.com\/\",\"name\":\"Sihirbaz Doruk \u00dclgen\",\"description\":\"\u00dcnl\u00fc Sihirbaz \/ Mentalist Doruk \u00dclgen\",\"potentialAction\":[{\"@type\":\"SearchAction\",\"target\":{\"@type\":\"EntryPoint\",\"urlTemplate\":\"https:\/\/dorukulgen.com\/?s={search_term_string}\"},\"query-input\":{\"@type\":\"PropertyValueSpecification\",\"valueRequired\":true,\"valueName\":\"search_term_string\"}}],\"inLanguage\":\"en-US\"}]}<\/script>\n<!-- \/ Yoast SEO plugin. -->","yoast_head_json":{"title":"Media - Sihirbaz Doruk \u00dclgen","robots":{"index":"index","follow":"follow","max-snippet":"max-snippet:-1","max-image-preview":"max-image-preview:large","max-video-preview":"max-video-preview:-1"},"canonical":"https:\/\/dorukulgen.com\/en\/media\/","og_locale":"en_US","og_type":"article","og_title":"Media - Sihirbaz Doruk \u00dclgen","og_description":"[vc_row][vc_column][vc_column_text] Doruk \u00dclgensah been on stage since childhood, its really impossible to archive and edit countless videos. Also to protect most of the shows from being copied and to present our audience a special show, we dont share a lot on purpose. However we do share some stuff for every taste in our youtube channel,&hellip;","og_url":"https:\/\/dorukulgen.com\/en\/media\/","og_site_name":"Sihirbaz Doruk \u00dclgen","article_publisher":"http:\/\/facebook.com\/dorukulgenfan","article_modified_time":"2019-10-18T13:56:10+00:00","schema":{"@context":"https:\/\/schema.org","@graph":[{"@type":"WebPage","@id":"https:\/\/dorukulgen.com\/en\/media\/","url":"https:\/\/dorukulgen.com\/en\/media\/","name":"Media - Sihirbaz Doruk \u00dclgen","isPartOf":{"@id":"https:\/\/dorukulgen.com\/#website"},"datePublished":"2014-02-16T12:21:18+00:00","dateModified":"2019-10-18T13:56:10+00:00","breadcrumb":{"@id":"https:\/\/dorukulgen.com\/en\/media\/#breadcrumb"},"inLanguage":"en-US","potentialAction":[{"@type":"ReadAction","target":["https:\/\/dorukulgen.com\/en\/media\/"]}]},{"@type":"BreadcrumbList","@id":"https:\/\/dorukulgen.com\/en\/media\/#breadcrumb","itemListElement":[{"@type":"ListItem","position":1,"name":"Home","item":"https:\/\/dorukulgen.com\/en\/"},{"@type":"ListItem","position":2,"name":"Media"}]},{"@type":"WebSite","@id":"https:\/\/dorukulgen.com\/#website","url":"https:\/\/dorukulgen.com\/","name":"Sihirbaz Doruk \u00dclgen","description":"\u00dcnl\u00fc Sihirbaz \/ Mentalist Doruk \u00dclgen","potentialAction":[{"@type":"SearchAction","target":{"@type":"EntryPoint","urlTemplate":"https:\/\/dorukulgen.com\/?s={search_term_string}"},"query-input":{"@type":"PropertyValueSpecification","valueRequired":true,"valueName":"search_term_string"}}],"inLanguage":"en-US"}]}},"_links":{"self":[{"href":"https:\/\/dorukulgen.com\/en\/wp-json\/wp\/v2\/pages\/22189","targetHints":{"allow":["GET"]}}],"collection":[{"href":"https:\/\/dorukulgen.com\/en\/wp-json\/wp\/v2\/pages"}],"about":[{"href":"https:\/\/dorukulgen.com\/en\/wp-json\/wp\/v2\/types\/page"}],"author":[{"embeddable":true,"href":"https:\/\/dorukulgen.com\/en\/wp-json\/wp\/v2\/users\/1"}],"replies":[{"embeddable":true,"href":"https:\/\/dorukulgen.com\/en\/wp-json\/wp\/v2\/comments?post=22189"}],"version-history":[{"count":0,"href":"https:\/\/dorukulgen.com\/en\/wp-json\/wp\/v2\/pages\/22189\/revisions"}],"wp:attachment":[{"href":"https:\/\/dorukulgen.com\/en\/wp-json\/wp\/v2\/media?parent=22189"}],"curies":[{"name":"wp","href":"https:\/\/api.w.org\/{rel}","templated":true}]}}